{"id":126,"date":"2022-12-07T11:06:14","date_gmt":"2022-12-07T11:06:14","guid":{"rendered":"https:\/\/algamitasaventura.es\/?page_id=126"},"modified":"2023-02-22T11:33:08","modified_gmt":"2023-02-22T11:33:08","slug":"instalaciones-deportivas","status":"publish","type":"page","link":"https:\/\/algamitasaventura.es\/en\/nuestro-complejo\/instalaciones\/instalaciones-deportivas\/","title":{"rendered":"Sport Activities"},"content":{"rendered":"<p>[et_pb_section fb_built=\u00bb1&#8243; _builder_version=\u00bb4.19.4&#8243; _module_preset=\u00bbdefault\u00bb background_color=\u00bb#bcd8a0&#8243; background_image=\u00bbhttps:\/\/algamitasaventura.es\/wp-content\/uploads\/2022\/12\/MULTIAVENTURAS-2016-37.jpg\u00bb global_colors_info=\u00bb{}\u00bb][et_pb_row _builder_version=\u00bb4.19.0&#8243; _module_preset=\u00bbdefault\u00bb global_colors_info=\u00bb{}\u00bb][et_pb_column type=\u00bb4_4&#8243; _builder_version=\u00bb4.19.0&#8243; _module_preset=\u00bbdefault\u00bb global_colors_info=\u00bb{}\u00bb][et_pb_button button_url=\u00bbhttps:\/\/thelisresa.webcamp.fr\/?camping=elpenon&#038;custom-c1=FABA00&#038;custom-c2=8FB02B&#038;PHPSESSID=le92ae8r1qqku3umbfp53vr85i\u00bb button_text=\u00bb\u00a1RESERVAR YA!\u00bb button_alignment=\u00bbcenter\u00bb _builder_version=\u00bb4.19.5&#8243; _module_preset=\u00bbdefault\u00bb custom_button=\u00bbon\u00bb button_text_size=\u00bb30px\u00bb button_text_color=\u00bb#000000&#8243; button_bg_color=\u00bb#f9b900&#8243; button_border_color=\u00bbRGBA(255,255,255,0)\u00bb button_border_radius=\u00bb50px\u00bb button_font=\u00bbM PLUS Rounded 1c|800|||||||\u00bb custom_margin=\u00bb150px||150px||false|false\u00bb locked=\u00bboff\u00bb global_colors_info=\u00bb{}\u00bb][\/et_pb_button][\/et_pb_column][\/et_pb_row][\/et_pb_section][et_pb_section fb_built=\u00bb1&#8243; _builder_version=\u00bb4.19.0&#8243; _module_preset=\u00bbdefault\u00bb custom_padding=\u00bb37px|||||\u00bb global_colors_info=\u00bb{}\u00bb][et_pb_row _builder_version=\u00bb4.19.0&#8243; _module_preset=\u00bbdefault\u00bb global_colors_info=\u00bb{}\u00bb][et_pb_column type=\u00bb4_4&#8243; _builder_version=\u00bb4.19.0&#8243; _module_preset=\u00bbdefault\u00bb global_colors_info=\u00bb{}\u00bb][et_pb_text _builder_version=\u00bb4.19.4&#8243; _module_preset=\u00bbdefault\u00bb text_font=\u00bb|300|||on|||#E09900|solid\u00bb text_font_size=\u00bb15px\u00bb header_2_font=\u00bb|700|||on|||#f5b704|\u00bb header_2_text_align=\u00bbcenter\u00bb header_2_text_color=\u00bb#f5b704&#8243; header_2_font_size=\u00bb50px\u00bb custom_margin=\u00bb0px||0px||false|false\u00bb custom_padding=\u00bb||0px||false|false\u00bb header_2_font_size_tablet=\u00bb50px\u00bb header_2_font_size_phone=\u00bb36px\u00bb header_2_font_size_last_edited=\u00bbon|phone\u00bb global_colors_info=\u00bb{}\u00bb]<\/p>\n<h2>INSTALACIONES DEPORTIVAS<\/h2>\n<div id=\"gtx-trans\" style=\"position: absolute; left: 106px; top: -4.09375px;\">\n<div class=\"gtx-trans-icon\"><\/div>\n<\/div>\n<p>[\/et_pb_text][\/et_pb_column][\/et_pb_row][et_pb_row _builder_version=\u00bb4.19.0&#8243; _module_preset=\u00bbdefault\u00bb global_colors_info=\u00bb{}\u00bb][et_pb_column type=\u00bb4_4&#8243; _builder_version=\u00bb4.19.0&#8243; _module_preset=\u00bbdefault\u00bb global_colors_info=\u00bb{}\u00bb][et_pb_image src=\u00bbhttps:\/\/algamitasaventura.es\/wp-content\/uploads\/2022\/12\/DSC00314.jpg\u00bb title_text=\u00bbDSC00314&#8243; align=\u00bbcenter\u00bb _builder_version=\u00bb4.19.4&#8243; _module_preset=\u00bbdefault\u00bb global_colors_info=\u00bb{}\u00bb][\/et_pb_image][\/et_pb_column][\/et_pb_row][et_pb_row column_structure=\u00bb1_6,1_6,1_6,1_6,1_6,1_6&#8243; _builder_version=\u00bb4.19.0&#8243; _module_preset=\u00bbdefault\u00bb global_colors_info=\u00bb{}\u00bb locked=\u00bboff\u00bb][et_pb_column type=\u00bb1_6&#8243; _builder_version=\u00bb4.19.0&#8243; _module_preset=\u00bbdefault\u00bb global_colors_info=\u00bb{}\u00bb][et_pb_image src=\u00bbhttps:\/\/algamitasaventura.es\/wp-content\/uploads\/2023\/02\/MULTIAVENTURAS-2016-41.jpg\u00bb title_text=\u00bbMULTIAVENTURAS 2016 (41)\u00bb show_in_lightbox=\u00bbon\u00bb align=\u00bbcenter\u00bb _builder_version=\u00bb4.20.0&#8243; _module_preset=\u00bbdefault\u00bb hover_enabled=\u00bb0&#8243; border_radii=\u00bbon|30px|30px|30px|30px\u00bb global_colors_info=\u00bb{}\u00bb sticky_enabled=\u00bb0&#8243;][\/et_pb_image][\/et_pb_column][et_pb_column type=\u00bb1_6&#8243; _builder_version=\u00bb4.19.0&#8243; _module_preset=\u00bbdefault\u00bb global_colors_info=\u00bb{}\u00bb][et_pb_image src=\u00bbhttps:\/\/algamitasaventura.es\/wp-content\/uploads\/2023\/02\/MULTIAVENTURAS-2016-27.jpg\u00bb title_text=\u00bbMULTIAVENTURAS 2016 (27)\u00bb show_in_lightbox=\u00bbon\u00bb align=\u00bbcenter\u00bb _builder_version=\u00bb4.20.0&#8243; _module_preset=\u00bbdefault\u00bb hover_enabled=\u00bb0&#8243; border_radii=\u00bbon|30px|30px|30px|30px\u00bb global_colors_info=\u00bb{}\u00bb sticky_enabled=\u00bb0&#8243;][\/et_pb_image][\/et_pb_column][et_pb_column type=\u00bb1_6&#8243; _builder_version=\u00bb4.19.0&#8243; _module_preset=\u00bbdefault\u00bb global_colors_info=\u00bb{}\u00bb][et_pb_image src=\u00bbhttps:\/\/algamitasaventura.es\/wp-content\/uploads\/2023\/02\/JUEGOS-PUISCINA-3.jpg\u00bb title_text=\u00bbOLYMPUS DIGITAL CAMERA\u00bb show_in_lightbox=\u00bbon\u00bb align=\u00bbcenter\u00bb _builder_version=\u00bb4.20.0&#8243; _module_preset=\u00bbdefault\u00bb hover_enabled=\u00bb0&#8243; border_radii=\u00bbon|30px|30px|30px|30px\u00bb global_colors_info=\u00bb{}\u00bb sticky_enabled=\u00bb0&#8243;][\/et_pb_image][\/et_pb_column][et_pb_column type=\u00bb1_6&#8243; _builder_version=\u00bb4.19.0&#8243; _module_preset=\u00bbdefault\u00bb global_colors_info=\u00bb{}\u00bb][et_pb_image src=\u00bbhttps:\/\/algamitasaventura.es\/wp-content\/uploads\/2023\/02\/IMG_4178.jpg\u00bb title_text=\u00bbIMG_4178&#8243; show_in_lightbox=\u00bbon\u00bb align=\u00bbcenter\u00bb _builder_version=\u00bb4.20.0&#8243; _module_preset=\u00bbdefault\u00bb hover_enabled=\u00bb0&#8243; border_radii=\u00bbon|30px|30px|30px|30px\u00bb global_colors_info=\u00bb{}\u00bb sticky_enabled=\u00bb0&#8243;][\/et_pb_image][\/et_pb_column][et_pb_column type=\u00bb1_6&#8243; _builder_version=\u00bb4.19.0&#8243; _module_preset=\u00bbdefault\u00bb global_colors_info=\u00bb{}\u00bb][et_pb_image src=\u00bbhttps:\/\/algamitasaventura.es\/wp-content\/uploads\/2023\/02\/act-cab-2-1.jpg\u00bb title_text=\u00bbEPSON DSC picture\u00bb show_in_lightbox=\u00bbon\u00bb align=\u00bbcenter\u00bb _builder_version=\u00bb4.20.0&#8243; _module_preset=\u00bbdefault\u00bb hover_enabled=\u00bb0&#8243; border_radii=\u00bbon|30px|30px|30px|30px\u00bb global_colors_info=\u00bb{}\u00bb sticky_enabled=\u00bb0&#8243;][\/et_pb_image][\/et_pb_column][et_pb_column type=\u00bb1_6&#8243; _builder_version=\u00bb4.19.0&#8243; _module_preset=\u00bbdefault\u00bb global_colors_info=\u00bb{}\u00bb][et_pb_image src=\u00bbhttps:\/\/algamitasaventura.es\/wp-content\/uploads\/2023\/02\/IMG_3495.jpg\u00bb title_text=\u00bbIMG_3495&#8243; show_in_lightbox=\u00bbon\u00bb align=\u00bbcenter\u00bb _builder_version=\u00bb4.20.0&#8243; _module_preset=\u00bbdefault\u00bb hover_enabled=\u00bb0&#8243; border_radii=\u00bbon|30px|30px|30px|30px\u00bb global_colors_info=\u00bb{}\u00bb sticky_enabled=\u00bb0&#8243;][\/et_pb_image][\/et_pb_column][\/et_pb_row][et_pb_row _builder_version=\u00bb4.19.0&#8243; _module_preset=\u00bbdefault\u00bb global_colors_info=\u00bb{}\u00bb][et_pb_column type=\u00bb4_4&#8243; _builder_version=\u00bb4.19.0&#8243; _module_preset=\u00bbdefault\u00bb global_colors_info=\u00bb{}\u00bb][et_pb_text _builder_version=\u00bb4.19.4&#8243; _module_preset=\u00bbdefault\u00bb global_colors_info=\u00bb{}\u00bb]<\/p>\n<p>To make your stay as enjoyable as possible, in addition to our natural surroundings next to El Pe\u00f1\u00f3n de Alg\u00e1mitas, the best rural accommodation and the most delicious gastronomy, we offer you a multitude of entertainment and leisure activities.<\/p>\n<p>Actividades deportivas, recreativas y de ocio en la monta\u00f1a, con la que disfrutar\u00e1s del mejor plan de Sevilla rodeado de encinas y quejigos, junto al punto m\u00e1s alto de la provincia hispalense.<\/p>\n<p>Podr\u00e1s practicar senderismo y BTT. Disponemos de diferentes rutas:<\/p>\n<ul>\n<li>Ruta El Pe\u00f1\u00f3n, para subir al punto m\u00e1s alto de El Pe\u00f1\u00f3n de Alg\u00e1mitas<\/li>\n<li>Ruta de los Bandoleros, contemplando refugios usados anta\u00f1o por estos forajidos<\/li>\n<li>Ruta del Tabl\u00f3n, que pasa por el Puerto Zamorano y la subida a la Sierra del Tabl\u00f3n<\/li>\n<li>Ruta El Corbones, que pasa por diferentes manantiales<\/li>\n<\/ul>\n<p>Tambi\u00e9n podr\u00e1s disfrutar de la escalada, con rutas totalmente equipadas tanto para aficionados a este deporte como para expertos. O practicar con las palas en nuestra pista de p\u00e1del.<\/p>\n<p>Si lo que te gustan son los animales, tambi\u00e9n podr\u00e1s pasear a caballo o en burro, pero si prefieres deportes de aventura, contamos con tirolina, puente tibetano, puente colgante, partidas de paintball o tiro con arco.<\/p>\n<p><strong>Everything you need to enjoy the best plan in Seville!<\/strong><\/p>\n<p>[\/et_pb_text][\/et_pb_column][\/et_pb_row][\/et_pb_section]<\/p>","protected":false},"excerpt":{"rendered":"<p>INSTALACIONES DEPORTIVAS Para que tu estancia sea de lo m\u00e1s divertida, adem\u00e1s de nuestro entorno natural junto al Pe\u00f1\u00f3n de Alg\u00e1mitas, el mejor alojamiento rural y la gastronom\u00eda m\u00e1s deliciosa, te ofrecemos multitud de actividades de animaci\u00f3n y ocio. Actividades deportivas, recreativas y de ocio en la monta\u00f1a, con la que disfrutar\u00e1s del mejor plan [&hellip;]<\/p>","protected":false},"author":1,"featured_media":0,"parent":124,"menu_order":0,"comment_status":"closed","ping_status":"closed","template":"","meta":{"_et_pb_use_builder":"on","_et_pb_old_content":"<!-- wp:divi\/placeholder \/-->","_et_gb_content_width":"","footnotes":""},"class_list":["post-126","page","type-page","status-publish","hentry"],"yoast_head":"<!-- This site is optimized with the Yoast SEO plugin v21.9.1 - https:\/\/yoast.com\/wordpress\/plugins\/seo\/ -->\n<title>Instalaciones Deportivas - Alg\u00e1mitas Aventura<\/title>\n<meta name=\"robots\" content=\"index, follow, max-snippet:-1, max-image-preview:large, max-video-preview:-1\" \/>\n<link rel=\"canonical\" href=\"https:\/\/algamitasaventura.es\/en\/nuestro-complejo\/instalaciones\/instalaciones-deportivas\/\" \/>\n<meta property=\"og:locale\" content=\"en_US\" \/>\n<meta property=\"og:type\" content=\"article\" \/>\n<meta property=\"og:title\" content=\"Instalaciones Deportivas - Alg\u00e1mitas Aventura\" \/>\n<meta property=\"og:description\" content=\"INSTALACIONES DEPORTIVAS Para que tu estancia sea de lo m\u00e1s divertida, adem\u00e1s de nuestro entorno natural junto al Pe\u00f1\u00f3n de Alg\u00e1mitas, el mejor alojamiento rural y la gastronom\u00eda m\u00e1s deliciosa, te ofrecemos multitud de actividades de animaci\u00f3n y ocio. Actividades deportivas, recreativas y de ocio en la monta\u00f1a, con la que disfrutar\u00e1s del mejor plan [&hellip;]\" \/>\n<meta property=\"og:url\" content=\"https:\/\/algamitasaventura.es\/en\/nuestro-complejo\/instalaciones\/instalaciones-deportivas\/\" \/>\n<meta property=\"og:site_name\" content=\"Alg\u00e1mitas Aventura\" \/>\n<meta property=\"article:modified_time\" content=\"2023-02-22T11:33:08+00:00\" \/>\n<meta name=\"twitter:card\" content=\"summary_large_image\" \/>\n<script type=\"application\/ld+json\" class=\"yoast-schema-graph\">{\"@context\":\"https:\/\/schema.org\",\"@graph\":[{\"@type\":\"WebPage\",\"@id\":\"https:\/\/algamitasaventura.es\/nuestro-complejo\/instalaciones\/instalaciones-deportivas\/\",\"url\":\"https:\/\/algamitasaventura.es\/nuestro-complejo\/instalaciones\/instalaciones-deportivas\/\",\"name\":\"Instalaciones Deportivas - Alg\u00e1mitas Aventura\",\"isPartOf\":{\"@id\":\"https:\/\/algamitasaventura.es\/#website\"},\"datePublished\":\"2022-12-07T11:06:14+00:00\",\"dateModified\":\"2023-02-22T11:33:08+00:00\",\"breadcrumb\":{\"@id\":\"https:\/\/algamitasaventura.es\/nuestro-complejo\/instalaciones\/instalaciones-deportivas\/#breadcrumb\"},\"inLanguage\":\"en-US\",\"potentialAction\":[{\"@type\":\"ReadAction\",\"target\":[\"https:\/\/algamitasaventura.es\/nuestro-complejo\/instalaciones\/instalaciones-deportivas\/\"]}]},{\"@type\":\"BreadcrumbList\",\"@id\":\"https:\/\/algamitasaventura.es\/nuestro-complejo\/instalaciones\/instalaciones-deportivas\/#breadcrumb\",\"itemListElement\":[{\"@type\":\"ListItem\",\"position\":1,\"name\":\"Portada\",\"item\":\"https:\/\/algamitasaventura.es\/\"},{\"@type\":\"ListItem\",\"position\":2,\"name\":\"NUESTRO COMPLEJO\",\"item\":\"https:\/\/algamitasaventura.es\/nuestro-complejo\/\"},{\"@type\":\"ListItem\",\"position\":3,\"name\":\"Instalaciones\",\"item\":\"https:\/\/algamitasaventura.es\/nuestro-complejo\/instalaciones\/\"},{\"@type\":\"ListItem\",\"position\":4,\"name\":\"Instalaciones Deportivas\"}]},{\"@type\":\"WebSite\",\"@id\":\"https:\/\/algamitasaventura.es\/#website\",\"url\":\"https:\/\/algamitasaventura.es\/\",\"name\":\"Alg\u00e1mitas Aventura\",\"description\":\"Complejo Rural &quot;El Pe\u00f1\u00f3n&quot; de Alg\u00e1mitas\",\"potentialAction\":[{\"@type\":\"SearchAction\",\"target\":{\"@type\":\"EntryPoint\",\"urlTemplate\":\"https:\/\/algamitasaventura.es\/?s={search_term_string}\"},\"query-input\":\"required name=search_term_string\"}],\"inLanguage\":\"en-US\"}]}<\/script>\n<!-- \/ Yoast SEO plugin. -->","yoast_head_json":{"title":"Instalaciones Deportivas - Alg\u00e1mitas Aventura","robots":{"index":"index","follow":"follow","max-snippet":"max-snippet:-1","max-image-preview":"max-image-preview:large","max-video-preview":"max-video-preview:-1"},"canonical":"https:\/\/algamitasaventura.es\/en\/nuestro-complejo\/instalaciones\/instalaciones-deportivas\/","og_locale":"en_US","og_type":"article","og_title":"Instalaciones Deportivas - Alg\u00e1mitas Aventura","og_description":"INSTALACIONES DEPORTIVAS Para que tu estancia sea de lo m\u00e1s divertida, adem\u00e1s de nuestro entorno natural junto al Pe\u00f1\u00f3n de Alg\u00e1mitas, el mejor alojamiento rural y la gastronom\u00eda m\u00e1s deliciosa, te ofrecemos multitud de actividades de animaci\u00f3n y ocio. Actividades deportivas, recreativas y de ocio en la monta\u00f1a, con la que disfrutar\u00e1s del mejor plan [&hellip;]","og_url":"https:\/\/algamitasaventura.es\/en\/nuestro-complejo\/instalaciones\/instalaciones-deportivas\/","og_site_name":"Alg\u00e1mitas Aventura","article_modified_time":"2023-02-22T11:33:08+00:00","twitter_card":"summary_large_image","schema":{"@context":"https:\/\/schema.org","@graph":[{"@type":"WebPage","@id":"https:\/\/algamitasaventura.es\/nuestro-complejo\/instalaciones\/instalaciones-deportivas\/","url":"https:\/\/algamitasaventura.es\/nuestro-complejo\/instalaciones\/instalaciones-deportivas\/","name":"Instalaciones Deportivas - Alg\u00e1mitas Aventura","isPartOf":{"@id":"https:\/\/algamitasaventura.es\/#website"},"datePublished":"2022-12-07T11:06:14+00:00","dateModified":"2023-02-22T11:33:08+00:00","breadcrumb":{"@id":"https:\/\/algamitasaventura.es\/nuestro-complejo\/instalaciones\/instalaciones-deportivas\/#breadcrumb"},"inLanguage":"en-US","potentialAction":[{"@type":"ReadAction","target":["https:\/\/algamitasaventura.es\/nuestro-complejo\/instalaciones\/instalaciones-deportivas\/"]}]},{"@type":"BreadcrumbList","@id":"https:\/\/algamitasaventura.es\/nuestro-complejo\/instalaciones\/instalaciones-deportivas\/#breadcrumb","itemListElement":[{"@type":"ListItem","position":1,"name":"Portada","item":"https:\/\/algamitasaventura.es\/"},{"@type":"ListItem","position":2,"name":"NUESTRO COMPLEJO","item":"https:\/\/algamitasaventura.es\/nuestro-complejo\/"},{"@type":"ListItem","position":3,"name":"Instalaciones","item":"https:\/\/algamitasaventura.es\/nuestro-complejo\/instalaciones\/"},{"@type":"ListItem","position":4,"name":"Instalaciones Deportivas"}]},{"@type":"WebSite","@id":"https:\/\/algamitasaventura.es\/#website","url":"https:\/\/algamitasaventura.es\/","name":"Alg\u00e1mitas Aventura","description":"Complejo Rural &quot;El Pe\u00f1\u00f3n&quot; de Alg\u00e1mitas","potentialAction":[{"@type":"SearchAction","target":{"@type":"EntryPoint","urlTemplate":"https:\/\/algamitasaventura.es\/?s={search_term_string}"},"query-input":"required name=search_term_string"}],"inLanguage":"en-US"}]}},"_links":{"self":[{"href":"https:\/\/algamitasaventura.es\/en\/wp-json\/wp\/v2\/pages\/126","targetHints":{"allow":["GET"]}}],"collection":[{"href":"https:\/\/algamitasaventura.es\/en\/wp-json\/wp\/v2\/pages"}],"about":[{"href":"https:\/\/algamitasaventura.es\/en\/wp-json\/wp\/v2\/types\/page"}],"author":[{"embeddable":true,"href":"https:\/\/algamitasaventura.es\/en\/wp-json\/wp\/v2\/users\/1"}],"replies":[{"embeddable":true,"href":"https:\/\/algamitasaventura.es\/en\/wp-json\/wp\/v2\/comments?post=126"}],"version-history":[{"count":5,"href":"https:\/\/algamitasaventura.es\/en\/wp-json\/wp\/v2\/pages\/126\/revisions"}],"predecessor-version":[{"id":556,"href":"https:\/\/algamitasaventura.es\/en\/wp-json\/wp\/v2\/pages\/126\/revisions\/556"}],"up":[{"embeddable":true,"href":"https:\/\/algamitasaventura.es\/en\/wp-json\/wp\/v2\/pages\/124"}],"wp:attachment":[{"href":"https:\/\/algamitasaventura.es\/en\/wp-json\/wp\/v2\/media?parent=126"}],"curies":[{"name":"wp","href":"https:\/\/api.w.org\/{rel}","templated":true}]}}