{"id":146,"date":"2022-12-07T11:26:14","date_gmt":"2022-12-07T11:26:14","guid":{"rendered":"https:\/\/algamitasaventura.es\/?page_id=146"},"modified":"2026-01-27T09:47:38","modified_gmt":"2026-01-27T09:47:38","slug":"tarifas","status":"publish","type":"page","link":"https:\/\/algamitasaventura.es\/en\/alojamientos\/tarifas\/","title":{"rendered":"Tarifas"},"content":{"rendered":"<p>[et_pb_section fb_built=\u00bb1&#8243; _builder_version=\u00bb4.19.0&#8243; _module_preset=\u00bbdefault\u00bb custom_padding=\u00bb37px||14px|||\u00bb da_disable_devices=\u00bboff|off|off\u00bb global_colors_info=\u00bb{}\u00bb da_is_popup=\u00bboff\u00bb da_exit_intent=\u00bboff\u00bb da_has_close=\u00bbon\u00bb da_alt_close=\u00bboff\u00bb da_dark_close=\u00bboff\u00bb da_not_modal=\u00bbon\u00bb da_is_singular=\u00bboff\u00bb da_with_loader=\u00bboff\u00bb da_has_shadow=\u00bbon\u00bb][et_pb_row _builder_version=\u00bb4.19.0&#8243; _module_preset=\u00bbdefault\u00bb global_colors_info=\u00bb{}\u00bb][et_pb_column type=\u00bb4_4&#8243; _builder_version=\u00bb4.19.0&#8243; _module_preset=\u00bbdefault\u00bb global_colors_info=\u00bb{}\u00bb][et_pb_text _builder_version=\u00bb4.24.0&#8243; _module_preset=\u00bbdefault\u00bb text_font=\u00bb|300|||on|||#E09900|solid\u00bb text_font_size=\u00bb15px\u00bb header_2_font=\u00bb|700|||on|||#f5b704|\u00bb header_2_text_align=\u00bbcenter\u00bb header_2_text_color=\u00bb#f5b704&#8243; header_2_font_size=\u00bb50px\u00bb custom_margin=\u00bb0px||0px||false|false\u00bb custom_padding=\u00bb||0px||false|false\u00bb header_2_font_size_tablet=\u00bb50px\u00bb header_2_font_size_phone=\u00bb36px\u00bb header_2_font_size_last_edited=\u00bbon|phone\u00bb global_colors_info=\u00bb{}\u00bb]<\/p>\n<h2>TARIFAS 2024<\/h2>\n<p style=\"text-align: center;\"><strong>IVA INCLUIDO EN LOS PRECIOS<\/strong><\/p>\n<p>[\/et_pb_text][\/et_pb_column][\/et_pb_row][\/et_pb_section][et_pb_section fb_built=\u00bb1&#8243; _builder_version=\u00bb4.19.0&#8243; _module_preset=\u00bbdefault\u00bb background_color=\u00bb#e0d3ba\u00bb background_image=\u00bbhttps:\/\/algamitasaventura.es\/wp-content\/uploads\/2022\/11\/banners-1.png\u00bb da_disable_devices=\u00bboff|off|off\u00bb locked=\u00bboff\u00bb global_colors_info=\u00bb{}\u00bb da_is_popup=\u00bboff\u00bb da_exit_intent=\u00bboff\u00bb da_has_close=\u00bbon\u00bb da_alt_close=\u00bboff\u00bb da_dark_close=\u00bboff\u00bb da_not_modal=\u00bbon\u00bb da_is_singular=\u00bboff\u00bb da_with_loader=\u00bboff\u00bb da_has_shadow=\u00bbon\u00bb][et_pb_row _builder_version=\u00bb4.19.0&#8243; _module_preset=\u00bbdefault\u00bb locked=\u00bboff\u00bb global_colors_info=\u00bb{}\u00bb][et_pb_column type=\u00bb4_4&#8243; _builder_version=\u00bb4.19.0&#8243; _module_preset=\u00bbdefault\u00bb global_colors_info=\u00bb{}\u00bb][et_pb_text _builder_version=\u00bb4.24.0&#8243; _module_preset=\u00bbdefault\u00bb text_font=\u00bb|300|||on|||#E09900|solid\u00bb text_font_size=\u00bb15px\u00bb header_2_font=\u00bb|700|||on|||#f5b704|\u00bb header_2_text_align=\u00bbcenter\u00bb header_2_text_color=\u00bb#f5b704&#8243; header_2_font_size=\u00bb40px\u00bb custom_margin=\u00bb0px||0px||false|false\u00bb custom_padding=\u00bb0px||0px||false|false\u00bb header_2_font_size_tablet=\u00bb50px\u00bb header_2_font_size_phone=\u00bb36px\u00bb header_2_font_size_last_edited=\u00bbon|phone\u00bb global_colors_info=\u00bb{}\u00bb]<\/p>\n<h2>TARIFA ALOJAMIENTOS 2024<\/h2>\n<p>[\/et_pb_text][\/et_pb_column][\/et_pb_row][et_pb_row column_structure=\u00bb1_3,1_3,1_3&#8243; _builder_version=\u00bb4.20.2&#8243; _module_preset=\u00bbdefault\u00bb locked=\u00bboff\u00bb global_colors_info=\u00bb{}\u00bb][et_pb_column type=\u00bb1_3&#8243; _builder_version=\u00bb4.19.4&#8243; _module_preset=\u00bbdefault\u00bb background_color=\u00bb#f9b900&#8243; custom_padding=\u00bb20px|30px|20px|30px|false|false\u00bb border_radii=\u00bbon|50px|50px|50px|50px\u00bb global_colors_info=\u00bb{}\u00bb][et_pb_text _builder_version=\u00bb4.20.2&#8243; _module_preset=\u00bbdefault\u00bb text_text_color=\u00bb#000000&#8243; header_2_text_color=\u00bb#000000&#8243; text_orientation=\u00bbcenter\u00bb global_colors_info=\u00bb{}\u00bb]<\/p>\n<h2>Bungalow madera<\/h2>\n<p><strong><\/strong><\/p>\n<p><strong>N\u00ba m\u00e1ximo:<\/strong> 4 personas<\/p>\n<p><strong>1 Noche: <\/strong>115,00 \u20ac<br \/><strong>2 Noches:<\/strong> 230,00 \u20ac<br \/><strong>3 Noches:<\/strong> 345,00 \u20ac<br \/><strong>4 Noches:<\/strong> 552,00 \u20ac<\/p>\n<p>[\/et_pb_text][\/et_pb_column][et_pb_column type=\u00bb1_3&#8243; _builder_version=\u00bb4.19.4&#8243; _module_preset=\u00bbdefault\u00bb background_color=\u00bb#f9b900&#8243; custom_padding=\u00bb20px|30px|20px|30px|false|false\u00bb border_radii=\u00bbon|50px|50px|50px|50px\u00bb global_colors_info=\u00bb{}\u00bb][et_pb_text _builder_version=\u00bb4.20.2&#8243; _module_preset=\u00bbdefault\u00bb text_text_color=\u00bb#000000&#8243; header_2_text_color=\u00bb#000000&#8243; text_orientation=\u00bbcenter\u00bb global_colors_info=\u00bb{}\u00bb]<\/p>\n<h2>Bungalow de Piedra<\/h2>\n<p><strong><\/strong><\/p>\n<p><strong>N\u00ba m\u00e1ximo:<\/strong> 2 personas<\/p>\n<p><strong>1 Noche: <\/strong>75,00 \u20ac<strong> <br \/>2 Noches:<\/strong> 150,00 \u20ac<br \/><strong>3 Noches:<\/strong> 225,00 \u20ac<br \/><strong>4 Noches:<\/strong> 360,00 \u20ac<\/p>\n<p>[\/et_pb_text][\/et_pb_column][et_pb_column type=\u00bb1_3&#8243; _builder_version=\u00bb4.19.4&#8243; _module_preset=\u00bbdefault\u00bb background_color=\u00bb#f9b900&#8243; custom_padding=\u00bb20px|30px|20px|30px|false|false\u00bb border_radii=\u00bbon|50px|50px|50px|50px\u00bb global_colors_info=\u00bb{}\u00bb][et_pb_text _builder_version=\u00bb4.20.2&#8243; _module_preset=\u00bbdefault\u00bb text_text_color=\u00bb#000000&#8243; header_2_text_color=\u00bb#000000&#8243; text_orientation=\u00bbcenter\u00bb global_colors_info=\u00bb{}\u00bb]<\/p>\n<h2>Caba\u00f1as de piedra<\/h2>\n<p><strong><\/strong><\/p>\n<p><strong>N\u00ba m\u00e1ximo:<\/strong> 6 personas<\/p>\n<p><strong>1 Noche: <\/strong>142,00 \u20ac<strong><br \/>2 Noches:<\/strong> 284,00 \u20ac<br \/><strong>3 Noches:<\/strong> 426,00 \u20ac<br \/><strong>4 Noches:<\/strong> 681,60 \u20ac<\/p>\n<p>[\/et_pb_text][\/et_pb_column][\/et_pb_row][et_pb_row _builder_version=\u00bb4.19.0&#8243; _module_preset=\u00bbdefault\u00bb custom_margin=\u00bb50px||50px||false|false\u00bb global_colors_info=\u00bb{}\u00bb][et_pb_column type=\u00bb4_4&#8243; _builder_version=\u00bb4.19.0&#8243; _module_preset=\u00bbdefault\u00bb global_colors_info=\u00bb{}\u00bb][et_pb_text _builder_version=\u00bb4.20.2&#8243; _module_preset=\u00bbdefault\u00bb background_color=\u00bbrgba(255,255,255,0.81)\u00bb custom_padding=\u00bb20px|20px|20px|20px|false|false\u00bb global_colors_info=\u00bb{}\u00bb]<\/p>\n<p style=\"text-align: left;\"><strong>Esta tarifas solo incluyen el alojamiento de las personas. Camas supletorias, perros se facturar\u00e1n aparte.<\/strong><strong><\/strong><\/p>\n<p style=\"text-align: left;\"><strong>Suplemento<\/strong>: 15,00 \u20ac por noche<br \/><strong>Perros<\/strong>: 3,00 \u20ac por noche<strong><\/strong><\/p>\n<p style=\"text-align: left;\">\n<p style=\"text-align: left;\"><strong>HORARIO<\/strong><br \/>La Entrada se har\u00e1 a partir de las 14:00 horas y la salida ser\u00e1 antes de las 12:00 horas<\/p>\n<p style=\"text-align: left;\"><strong>DESCUENTOS<\/strong><br \/>A) Si se reservan dos semanas se har\u00e1 un descuento del 5 %<br \/>B) Si se reservan tres semanas se har\u00e1 un descuento del 10 %<br \/>C) Si si reservan cuatro semanas se har\u00e1 un descuento del 20 %<\/p>\n<p>[\/et_pb_text][\/et_pb_column][\/et_pb_row][\/et_pb_section][et_pb_section fb_built=\u00bb1&#8243; disabled_on=\u00bbon|on|on\u00bb _builder_version=\u00bb4.24.0&#8243; _module_preset=\u00bbdefault\u00bb background_color=\u00bbrgba(255,255,255,0.27)\u00bb background_image=\u00bbhttps:\/\/algamitasaventura.es\/wp-content\/uploads\/2023\/03\/G0091659.jpg\u00bb background_blend=\u00bblighten\u00bb custom_padding=\u00bb37px|||||\u00bb da_disable_devices=\u00bboff|off|off\u00bb disabled=\u00bbon\u00bb locked=\u00bboff\u00bb global_colors_info=\u00bb{}\u00bb da_is_popup=\u00bboff\u00bb da_exit_intent=\u00bboff\u00bb da_has_close=\u00bbon\u00bb da_alt_close=\u00bboff\u00bb da_dark_close=\u00bboff\u00bb da_not_modal=\u00bbon\u00bb da_is_singular=\u00bboff\u00bb da_with_loader=\u00bboff\u00bb da_has_shadow=\u00bbon\u00bb][et_pb_row _builder_version=\u00bb4.19.0&#8243; _module_preset=\u00bbdefault\u00bb global_colors_info=\u00bb{}\u00bb][et_pb_column type=\u00bb4_4&#8243; _builder_version=\u00bb4.19.0&#8243; _module_preset=\u00bbdefault\u00bb global_colors_info=\u00bb{}\u00bb][et_pb_text _builder_version=\u00bb4.24.0&#8243; _module_preset=\u00bbdefault\u00bb text_font=\u00bb|300|||on|||#E09900|solid\u00bb text_font_size=\u00bb15px\u00bb header_2_font=\u00bb|700|||on|||#f5b704|\u00bb header_2_text_align=\u00bbcenter\u00bb header_2_text_color=\u00bb#f5b704&#8243; header_2_font_size=\u00bb40px\u00bb custom_margin=\u00bb0px||0px||false|false\u00bb custom_padding=\u00bb||0px||false|false\u00bb header_2_font_size_tablet=\u00bb50px\u00bb header_2_font_size_phone=\u00bb36px\u00bb header_2_font_size_last_edited=\u00bbon|phone\u00bb global_colors_info=\u00bb{}\u00bb]<\/p>\n<h2>TARIFA CAMPING 2024<\/h2>\n<p>[\/et_pb_text][\/et_pb_column][\/et_pb_row][et_pb_row _builder_version=\u00bb4.20.2&#8243; _module_preset=\u00bbdefault\u00bb max_width=\u00bb617px\u00bb global_colors_info=\u00bb{}\u00bb][et_pb_column type=\u00bb4_4&#8243; _builder_version=\u00bb4.19.4&#8243; _module_preset=\u00bbdefault\u00bb background_color=\u00bb#f9b900&#8243; custom_padding=\u00bb20px|30px|20px|30px|false|false\u00bb border_radii=\u00bbon|50px|50px|50px|50px\u00bb global_colors_info=\u00bb{}\u00bb][et_pb_text _builder_version=\u00bb4.22.0&#8243; _module_preset=\u00bbdefault\u00bb text_text_color=\u00bb#000000&#8243; header_2_text_color=\u00bb#000000&#8243; text_orientation=\u00bbcenter\u00bb global_colors_info=\u00bb{}\u00bb]<\/p>\n<h2>Camping<\/h2>\n<p><strong><\/strong><\/p>\n<p><b>Adulto: <\/b>5,50 \u20ac<br \/>\n<strong>Ni\u00f1o (3 a 10 a\u00f1os):<\/strong> 4 \u20ac<br \/>\n<strong>Coche:<\/strong> 5 \u20ac<br \/>\n<strong>Caravana:<\/strong> 6 \u20ac<br \/>\n<strong>Autocaravana:<\/strong> 9 \u20ac<br \/>\n<strong>Conexi\u00f3n el\u00e9ctrica:<\/strong> 6 \u20ac<br \/>\n<strong>Perro caravanas:<\/strong> 3 \u20ac<br \/>\n<strong>Perro bungalows \/ Caba\u00f1as:<\/strong> 5 \u20ac<br \/>\n<strong>Moto:<\/strong> 3,50 \u20ac<br \/>\n<strong>Bicicleta:<\/strong> 3,50 \u20ac<br \/>\n<strong>Luz anual:<\/strong> 5 \u20ac<br \/>\n<strong>Luz mensual:<\/strong> 6 \u20ac[\/et_pb_text][\/et_pb_column][\/et_pb_row][\/et_pb_section][et_pb_section fb_built=\u00bb1&#8243; _builder_version=\u00bb4.20.2&#8243; _module_preset=\u00bbdefault\u00bb background_color=\u00bbrgba(0,0,0,0.65)\u00bb background_image=\u00bbhttps:\/\/algamitasaventura.es\/wp-content\/uploads\/2022\/12\/DSC00314.jpg\u00bb background_blend=\u00bbdarken\u00bb custom_padding=\u00bb37px|||||\u00bb da_disable_devices=\u00bboff|off|off\u00bb locked=\u00bboff\u00bb global_colors_info=\u00bb{}\u00bb da_is_popup=\u00bboff\u00bb da_exit_intent=\u00bboff\u00bb da_has_close=\u00bbon\u00bb da_alt_close=\u00bboff\u00bb da_dark_close=\u00bboff\u00bb da_not_modal=\u00bbon\u00bb da_is_singular=\u00bboff\u00bb da_with_loader=\u00bboff\u00bb da_has_shadow=\u00bbon\u00bb][et_pb_row _builder_version=\u00bb4.19.0&#8243; _module_preset=\u00bbdefault\u00bb global_colors_info=\u00bb{}\u00bb][et_pb_column type=\u00bb4_4&#8243; _builder_version=\u00bb4.19.0&#8243; _module_preset=\u00bbdefault\u00bb global_colors_info=\u00bb{}\u00bb][et_pb_text _builder_version=\u00bb4.24.0&#8243; _module_preset=\u00bbdefault\u00bb text_font=\u00bb|300|||on|||#E09900|solid\u00bb text_font_size=\u00bb15px\u00bb header_2_font=\u00bb|700|||on|||#f5b704|\u00bb header_2_text_align=\u00bbcenter\u00bb header_2_text_color=\u00bb#f5b704&#8243; header_2_font_size=\u00bb40px\u00bb custom_margin=\u00bb0px||0px||false|false\u00bb custom_padding=\u00bb||0px||false|false\u00bb header_2_font_size_tablet=\u00bb50px\u00bb header_2_font_size_phone=\u00bb36px\u00bb header_2_font_size_last_edited=\u00bbon|phone\u00bb global_colors_info=\u00bb{}\u00bb]<\/p>\n<h2>TARIFA ACTIVIDADES 2024<\/h2>\n<p>[\/et_pb_text][\/et_pb_column][\/et_pb_row][et_pb_row _builder_version=\u00bb4.20.2&#8243; _module_preset=\u00bbdefault\u00bb max_width=\u00bb617px\u00bb global_colors_info=\u00bb{}\u00bb][et_pb_column type=\u00bb4_4&#8243; _builder_version=\u00bb4.19.4&#8243; _module_preset=\u00bbdefault\u00bb background_color=\u00bb#f9b900&#8243; custom_padding=\u00bb20px|30px|20px|30px|false|false\u00bb border_radii=\u00bbon|50px|50px|50px|50px\u00bb global_colors_info=\u00bb{}\u00bb][et_pb_text _builder_version=\u00bb4.20.2&#8243; _module_preset=\u00bbdefault\u00bb text_text_color=\u00bb#000000&#8243; header_2_text_color=\u00bb#000000&#8243; text_orientation=\u00bbcenter\u00bb global_colors_info=\u00bb{}\u00bb]<\/p>\n<h2>Precios por persona y actividad<\/h2>\n<p><strong><\/strong><\/p>\n<p><b>Parque: <\/b>8,00 \u20ac<br \/><strong>Rocodromo:<\/strong> 5,00 \u20ac<br \/><strong>Mini golf:<\/strong> 2,00 \u20ac<br \/><strong>Padel:<\/strong> 2,00 \u20ac<br \/><strong>Archery:<\/strong> 5,00 \u20ac<br \/><strong>Arcos:<\/strong> 3,00 \u20ac<br \/><strong>Caballos:<\/strong> 14,00 \u20ac<br \/><strong>Tirolina:<\/strong> 5,00 \u20ac<br \/><strong>Paintball:<\/strong> 12,00 \u20ac<br \/><strong>Rapel:<\/strong> 5,00 \u20ac<br \/><strong>Granja:<\/strong> 5,00 \u20ac<\/p>\n<p>[\/et_pb_text][\/et_pb_column][\/et_pb_row][\/et_pb_section]<\/p>","protected":false},"excerpt":{"rendered":"<p>TARIFAS 2024 IVA INCLUIDO EN LOS PRECIOSTARIFA ALOJAMIENTOS 2024Bungalow madera N\u00ba m\u00e1ximo: 4 personas 1 Noche: 115,00 \u20ac2 Noches: 230,00 \u20ac3 Noches: 345,00 \u20ac4 Noches: 552,00 \u20acBungalow de Piedra N\u00ba m\u00e1ximo: 2 personas 1 Noche: 75,00 \u20ac 2 Noches: 150,00 \u20ac3 Noches: 225,00 \u20ac4 Noches: 360,00 \u20acCaba\u00f1as de piedra N\u00ba m\u00e1ximo: 6 personas 1 Noche: [&hellip;]<\/p>","protected":false},"author":1,"featured_media":0,"parent":39,"menu_order":0,"comment_status":"closed","ping_status":"closed","template":"","meta":{"_et_pb_use_builder":"on","_et_pb_old_content":"","_et_gb_content_width":"","footnotes":""},"class_list":["post-146","page","type-page","status-publish","hentry"],"yoast_head":"<!-- This site is optimized with the Yoast SEO plugin v21.9.1 - https:\/\/yoast.com\/wordpress\/plugins\/seo\/ -->\n<title>Tarifas - Alg\u00e1mitas Aventura<\/title>\n<meta name=\"robots\" content=\"index, follow, max-snippet:-1, max-image-preview:large, max-video-preview:-1\" \/>\n<link rel=\"canonical\" href=\"https:\/\/algamitasaventura.es\/en\/alojamientos\/tarifas\/\" \/>\n<meta property=\"og:locale\" content=\"en_US\" \/>\n<meta property=\"og:type\" content=\"article\" \/>\n<meta property=\"og:title\" content=\"Tarifas - Alg\u00e1mitas Aventura\" \/>\n<meta property=\"og:description\" content=\"TARIFAS 2024 IVA INCLUIDO EN LOS PRECIOSTARIFA ALOJAMIENTOS 2024Bungalow madera N\u00ba m\u00e1ximo: 4 personas 1 Noche: 115,00 \u20ac2 Noches: 230,00 \u20ac3 Noches: 345,00 \u20ac4 Noches: 552,00 \u20acBungalow de Piedra N\u00ba m\u00e1ximo: 2 personas 1 Noche: 75,00 \u20ac 2 Noches: 150,00 \u20ac3 Noches: 225,00 \u20ac4 Noches: 360,00 \u20acCaba\u00f1as de piedra N\u00ba m\u00e1ximo: 6 personas 1 Noche: [&hellip;]\" \/>\n<meta property=\"og:url\" content=\"https:\/\/algamitasaventura.es\/en\/alojamientos\/tarifas\/\" \/>\n<meta property=\"og:site_name\" content=\"Alg\u00e1mitas Aventura\" \/>\n<meta property=\"article:modified_time\" content=\"2026-01-27T09:47:38+00:00\" \/>\n<meta name=\"twitter:card\" content=\"summary_large_image\" \/>\n<script type=\"application\/ld+json\" class=\"yoast-schema-graph\">{\"@context\":\"https:\/\/schema.org\",\"@graph\":[{\"@type\":\"WebPage\",\"@id\":\"https:\/\/algamitasaventura.es\/alojamientos\/tarifas\/\",\"url\":\"https:\/\/algamitasaventura.es\/alojamientos\/tarifas\/\",\"name\":\"Tarifas - Alg\u00e1mitas Aventura\",\"isPartOf\":{\"@id\":\"https:\/\/algamitasaventura.es\/#website\"},\"datePublished\":\"2022-12-07T11:26:14+00:00\",\"dateModified\":\"2026-01-27T09:47:38+00:00\",\"breadcrumb\":{\"@id\":\"https:\/\/algamitasaventura.es\/alojamientos\/tarifas\/#breadcrumb\"},\"inLanguage\":\"en-US\",\"potentialAction\":[{\"@type\":\"ReadAction\",\"target\":[\"https:\/\/algamitasaventura.es\/alojamientos\/tarifas\/\"]}]},{\"@type\":\"BreadcrumbList\",\"@id\":\"https:\/\/algamitasaventura.es\/alojamientos\/tarifas\/#breadcrumb\",\"itemListElement\":[{\"@type\":\"ListItem\",\"position\":1,\"name\":\"Portada\",\"item\":\"https:\/\/algamitasaventura.es\/\"},{\"@type\":\"ListItem\",\"position\":2,\"name\":\"ALOJAMIENTOS\",\"item\":\"https:\/\/algamitasaventura.es\/alojamientos\/\"},{\"@type\":\"ListItem\",\"position\":3,\"name\":\"Tarifas\"}]},{\"@type\":\"WebSite\",\"@id\":\"https:\/\/algamitasaventura.es\/#website\",\"url\":\"https:\/\/algamitasaventura.es\/\",\"name\":\"Alg\u00e1mitas Aventura\",\"description\":\"Complejo Rural &quot;El Pe\u00f1\u00f3n&quot; de Alg\u00e1mitas\",\"potentialAction\":[{\"@type\":\"SearchAction\",\"target\":{\"@type\":\"EntryPoint\",\"urlTemplate\":\"https:\/\/algamitasaventura.es\/?s={search_term_string}\"},\"query-input\":\"required name=search_term_string\"}],\"inLanguage\":\"en-US\"}]}<\/script>\n<!-- \/ Yoast SEO plugin. -->","yoast_head_json":{"title":"Tarifas - Alg\u00e1mitas Aventura","robots":{"index":"index","follow":"follow","max-snippet":"max-snippet:-1","max-image-preview":"max-image-preview:large","max-video-preview":"max-video-preview:-1"},"canonical":"https:\/\/algamitasaventura.es\/en\/alojamientos\/tarifas\/","og_locale":"en_US","og_type":"article","og_title":"Tarifas - Alg\u00e1mitas Aventura","og_description":"TARIFAS 2024 IVA INCLUIDO EN LOS PRECIOSTARIFA ALOJAMIENTOS 2024Bungalow madera N\u00ba m\u00e1ximo: 4 personas 1 Noche: 115,00 \u20ac2 Noches: 230,00 \u20ac3 Noches: 345,00 \u20ac4 Noches: 552,00 \u20acBungalow de Piedra N\u00ba m\u00e1ximo: 2 personas 1 Noche: 75,00 \u20ac 2 Noches: 150,00 \u20ac3 Noches: 225,00 \u20ac4 Noches: 360,00 \u20acCaba\u00f1as de piedra N\u00ba m\u00e1ximo: 6 personas 1 Noche: [&hellip;]","og_url":"https:\/\/algamitasaventura.es\/en\/alojamientos\/tarifas\/","og_site_name":"Alg\u00e1mitas Aventura","article_modified_time":"2026-01-27T09:47:38+00:00","twitter_card":"summary_large_image","schema":{"@context":"https:\/\/schema.org","@graph":[{"@type":"WebPage","@id":"https:\/\/algamitasaventura.es\/alojamientos\/tarifas\/","url":"https:\/\/algamitasaventura.es\/alojamientos\/tarifas\/","name":"Tarifas - Alg\u00e1mitas Aventura","isPartOf":{"@id":"https:\/\/algamitasaventura.es\/#website"},"datePublished":"2022-12-07T11:26:14+00:00","dateModified":"2026-01-27T09:47:38+00:00","breadcrumb":{"@id":"https:\/\/algamitasaventura.es\/alojamientos\/tarifas\/#breadcrumb"},"inLanguage":"en-US","potentialAction":[{"@type":"ReadAction","target":["https:\/\/algamitasaventura.es\/alojamientos\/tarifas\/"]}]},{"@type":"BreadcrumbList","@id":"https:\/\/algamitasaventura.es\/alojamientos\/tarifas\/#breadcrumb","itemListElement":[{"@type":"ListItem","position":1,"name":"Portada","item":"https:\/\/algamitasaventura.es\/"},{"@type":"ListItem","position":2,"name":"ALOJAMIENTOS","item":"https:\/\/algamitasaventura.es\/alojamientos\/"},{"@type":"ListItem","position":3,"name":"Tarifas"}]},{"@type":"WebSite","@id":"https:\/\/algamitasaventura.es\/#website","url":"https:\/\/algamitasaventura.es\/","name":"Alg\u00e1mitas Aventura","description":"Complejo Rural &quot;El Pe\u00f1\u00f3n&quot; de Alg\u00e1mitas","potentialAction":[{"@type":"SearchAction","target":{"@type":"EntryPoint","urlTemplate":"https:\/\/algamitasaventura.es\/?s={search_term_string}"},"query-input":"required name=search_term_string"}],"inLanguage":"en-US"}]}},"_links":{"self":[{"href":"https:\/\/algamitasaventura.es\/en\/wp-json\/wp\/v2\/pages\/146","targetHints":{"allow":["GET"]}}],"collection":[{"href":"https:\/\/algamitasaventura.es\/en\/wp-json\/wp\/v2\/pages"}],"about":[{"href":"https:\/\/algamitasaventura.es\/en\/wp-json\/wp\/v2\/types\/page"}],"author":[{"embeddable":true,"href":"https:\/\/algamitasaventura.es\/en\/wp-json\/wp\/v2\/users\/1"}],"replies":[{"embeddable":true,"href":"https:\/\/algamitasaventura.es\/en\/wp-json\/wp\/v2\/comments?post=146"}],"version-history":[{"count":9,"href":"https:\/\/algamitasaventura.es\/en\/wp-json\/wp\/v2\/pages\/146\/revisions"}],"predecessor-version":[{"id":1015,"href":"https:\/\/algamitasaventura.es\/en\/wp-json\/wp\/v2\/pages\/146\/revisions\/1015"}],"up":[{"embeddable":true,"href":"https:\/\/algamitasaventura.es\/en\/wp-json\/wp\/v2\/pages\/39"}],"wp:attachment":[{"href":"https:\/\/algamitasaventura.es\/en\/wp-json\/wp\/v2\/media?parent=146"}],"curies":[{"name":"wp","href":"https:\/\/api.w.org\/{rel}","templated":true}]}}