{"id":148,"date":"2022-12-07T11:27:10","date_gmt":"2022-12-07T11:27:10","guid":{"rendered":"https:\/\/algamitasaventura.es\/?page_id=148"},"modified":"2023-04-11T08:40:51","modified_gmt":"2023-04-11T08:40:51","slug":"multiaventura","status":"publish","type":"page","link":"https:\/\/algamitasaventura.es\/en\/animacion-y-ocio\/multiaventura\/","title":{"rendered":"Multi-adventure"},"content":{"rendered":"<p>[et_pb_section fb_built=\u00bb1&#8243; _builder_version=\u00bb4.19.0&#8243; _module_preset=\u00bbdefault\u00bb custom_padding=\u00bb37px|||||\u00bb global_colors_info=\u00bb{}\u00bb][et_pb_row _builder_version=\u00bb4.19.0&#8243; _module_preset=\u00bbdefault\u00bb global_colors_info=\u00bb{}\u00bb][et_pb_column type=\u00bb4_4&#8243; _builder_version=\u00bb4.19.0&#8243; _module_preset=\u00bbdefault\u00bb global_colors_info=\u00bb{}\u00bb][et_pb_text _builder_version=\u00bb4.19.4&#8243; _module_preset=\u00bbdefault\u00bb text_font=\u00bb|300||||||#E09900|solid\u00bb text_font_size=\u00bb15px\u00bb header_2_font=\u00bb|700||||||#f5b704|\u00bb header_2_text_align=\u00bbleft\u00bb header_2_text_color=\u00bb#f5b704&#8243; header_2_font_size=\u00bb40px\u00bb custom_margin=\u00bb0px||0px||false|false\u00bb custom_padding=\u00bb||0px||false|false\u00bb global_colors_info=\u00bb{}\u00bb]<\/p>\n<h2>MULTI-AVENTURE<\/h2>\n<div id=\"gtx-trans\" style=\"position: absolute; left: 41px; top: 51.9062px;\">\n<div class=\"gtx-trans-icon\"><\/div>\n<\/div>\n<p>[\/et_pb_text][et_pb_image src=\u00bbhttps:\/\/algamitasaventura.es\/wp-content\/uploads\/2023\/01\/terraza-cabana-3-2-5.jpg\u00bb title_text=\u00bbterraza caba\u00f1a (3) (2) (5)\u00bb force_fullwidth=\u00bbon\u00bb _builder_version=\u00bb4.19.4&#8243; _module_preset=\u00bbdefault\u00bb global_colors_info=\u00bb{}\u00bb][\/et_pb_image][\/et_pb_column][\/et_pb_row][et_pb_row column_structure=\u00bb1_6,1_6,1_6,1_6,1_6,1_6&#8243; _builder_version=\u00bb4.19.0&#8243; _module_preset=\u00bbdefault\u00bb global_colors_info=\u00bb{}\u00bb][et_pb_column type=\u00bb1_6&#8243; _builder_version=\u00bb4.19.0&#8243; _module_preset=\u00bbdefault\u00bb global_colors_info=\u00bb{}\u00bb][et_pb_image src=\u00bbhttps:\/\/algamitasaventura.es\/wp-content\/uploads\/2023\/01\/tiro-con-arco&#8230;jpg\u00bb title_text=\u00bbtiro con arco..\u00bb align=\u00bbcenter\u00bb _builder_version=\u00bb4.19.4&#8243; _module_preset=\u00bbdefault\u00bb border_radii=\u00bbon|30px|30px|30px|30px\u00bb global_colors_info=\u00bb{}\u00bb][\/et_pb_image][\/et_pb_column][et_pb_column type=\u00bb1_6&#8243; _builder_version=\u00bb4.19.0&#8243; _module_preset=\u00bbdefault\u00bb global_colors_info=\u00bb{}\u00bb][et_pb_image src=\u00bbhttps:\/\/algamitasaventura.es\/wp-content\/uploads\/2023\/01\/MULTIAVENTURAS-2016-41.jpg\u00bb title_text=\u00bbMULTIAVENTURAS 2016 (41)\u00bb align=\u00bbcenter\u00bb _builder_version=\u00bb4.19.4&#8243; _module_preset=\u00bbdefault\u00bb border_radii=\u00bbon|30px|30px|30px|30px\u00bb global_colors_info=\u00bb{}\u00bb][\/et_pb_image][\/et_pb_column][et_pb_column type=\u00bb1_6&#8243; _builder_version=\u00bb4.19.0&#8243; _module_preset=\u00bbdefault\u00bb global_colors_info=\u00bb{}\u00bb][et_pb_image src=\u00bbhttps:\/\/algamitasaventura.es\/wp-content\/uploads\/2023\/01\/JUEGOS-PUISCINA-3.jpg\u00bb title_text=\u00bbJUEGOS PUISCINA 3&#8243; align=\u00bbcenter\u00bb _builder_version=\u00bb4.19.4&#8243; _module_preset=\u00bbdefault\u00bb border_radii=\u00bbon|30px|30px|30px|30px\u00bb global_colors_info=\u00bb{}\u00bb][\/et_pb_image][\/et_pb_column][et_pb_column type=\u00bb1_6&#8243; _builder_version=\u00bb4.19.0&#8243; _module_preset=\u00bbdefault\u00bb global_colors_info=\u00bb{}\u00bb][et_pb_image src=\u00bbhttps:\/\/algamitasaventura.es\/wp-content\/uploads\/2023\/01\/IMG-20161015-WA0004.jpg\u00bb title_text=\u00bbIMG-20161015-WA0004&#8243; align=\u00bbcenter\u00bb _builder_version=\u00bb4.19.4&#8243; _module_preset=\u00bbdefault\u00bb border_radii=\u00bbon|30px|30px|30px|30px\u00bb global_colors_info=\u00bb{}\u00bb][\/et_pb_image][\/et_pb_column][et_pb_column type=\u00bb1_6&#8243; _builder_version=\u00bb4.19.0&#8243; _module_preset=\u00bbdefault\u00bb global_colors_info=\u00bb{}\u00bb][et_pb_image src=\u00bbhttps:\/\/algamitasaventura.es\/wp-content\/uploads\/2023\/01\/IMG_4178.jpg\u00bb title_text=\u00bbIMG_4178&#8243; align=\u00bbcenter\u00bb _builder_version=\u00bb4.19.4&#8243; _module_preset=\u00bbdefault\u00bb border_radii=\u00bbon|30px|30px|30px|30px\u00bb global_colors_info=\u00bb{}\u00bb][\/et_pb_image][\/et_pb_column][et_pb_column type=\u00bb1_6&#8243; _builder_version=\u00bb4.19.0&#8243; _module_preset=\u00bbdefault\u00bb global_colors_info=\u00bb{}\u00bb][et_pb_image src=\u00bbhttps:\/\/algamitasaventura.es\/wp-content\/uploads\/2023\/01\/IMG_3425.jpg\u00bb title_text=\u00bbIMG_3425&#8243; align=\u00bbcenter\u00bb _builder_version=\u00bb4.19.4&#8243; _module_preset=\u00bbdefault\u00bb border_radii=\u00bbon|30px|30px|30px|30px\u00bb global_colors_info=\u00bb{}\u00bb][\/et_pb_image][\/et_pb_column][\/et_pb_row][\/et_pb_section][et_pb_section fb_built=\u00bb1&#8243; _builder_version=\u00bb4.19.0&#8243; _module_preset=\u00bbdefault\u00bb custom_padding=\u00bb37px|||||\u00bb global_colors_info=\u00bb{}\u00bb][et_pb_row _builder_version=\u00bb4.19.4&#8243; _module_preset=\u00bbdefault\u00bb global_colors_info=\u00bb{}\u00bb][et_pb_column type=\u00bb4_4&#8243; _builder_version=\u00bb4.19.0&#8243; _module_preset=\u00bbdefault\u00bb global_colors_info=\u00bb{}\u00bb][et_pb_text _builder_version=\u00bb4.19.4&#8243; _module_preset=\u00bbdefault\u00bb global_colors_info=\u00bb{}\u00bb]<\/p>\n<p><span style=\"font-weight: 400;\">To make your stay as enjoyable as possible, in addition to our natural surroundings next to El Pe\u00f1\u00f3n de Alg\u00e1mitas, the best rural accommodation and the most delicious gastronomy, we offer you a multitude of entertainment and leisure activities.\u00a0<\/span><span style=\"font-weight: 400;\"><strong>Sports, recreational and leisure activities in the mountains<\/strong>, will offer you the best plan in Seville surrounded by holm oaks and gall oaks, and all of that next to the highest point of the province of Seville.<\/span><span style=\"font-size: 18px;\">\u00a0<\/span><\/p>\n<p><span style=\"font-weight: 400;\">You can go <strong>hiking and mountain biking<\/strong>. We have different routes available:<\/span><span style=\"font-size: 18px;\">\u00a0<\/span><\/p>\n<ul>\n<li style=\"font-weight: 400;\" aria-level=\"1\"><span style=\"font-weight: 400;\"><strong>El Pe\u00f1\u00f3n Route<\/strong>, to climb to the highest point of El Pe\u00f1\u00f3n de Alg\u00e1mitas.<\/span><\/li>\n<li style=\"font-weight: 400;\" aria-level=\"1\"><span style=\"font-weight: 400;\"><strong>Bandoleros Route<\/strong>contemplating shelters once used by bandits.<\/span><\/li>\n<li style=\"font-weight: 400;\" aria-level=\"1\"><span style=\"font-weight: 400;\"><strong>Tabl\u00f3n Route<\/strong>, which passes through Puerto Zamorano and the ascent to Sierra del Tabl\u00f3n.<\/span><\/li>\n<li style=\"font-weight: 400;\" aria-level=\"1\"><span style=\"font-weight: 400;\"><strong>El Corbones Route<\/strong>, which passes through different springs.\u00a0<\/span><\/li>\n<\/ul>\n<p><span style=\"font-weight: 400;\">You can also enjoy <strong>climbing<\/strong>, with fully equipped routes for both climbing enthusiasts and experts, or practice paddle at our<strong> paddle tennis court<\/strong>.<\/span><\/p>\n<p><span style=\"font-weight: 400;\">If you like animals, you can also <strong>go horse or donkey riding<\/strong>. However, if you prefer adventure sports, we have <strong>a zip line, a Tibetan bridge, a suspension bridge, paintball games or archery.<\/strong><\/span><\/p>\n<p><span style=\"font-weight: 400;\">Everything you need to enjoy the best plan in Seville!<\/span><\/p>\n<p>[\/et_pb_text][\/et_pb_column][\/et_pb_row][\/et_pb_section][et_pb_section fb_built=\u00bb1&#8243; _builder_version=\u00bb4.19.0&#8243; _module_preset=\u00bbdefault\u00bb background_color=\u00bb#e0d3ba\u00bb background_image=\u00bbhttps:\/\/algamitasaventura.es\/wp-content\/uploads\/2022\/11\/banners-1.png\u00bb locked=\u00bboff\u00bb global_colors_info=\u00bb{}\u00bb][et_pb_row column_structure=\u00bb1_2,1_2&#8243; _builder_version=\u00bb4.19.0&#8243; _module_preset=\u00bbdefault\u00bb custom_margin=\u00bb50px||50px||false|false\u00bb global_colors_info=\u00bb{}\u00bb][et_pb_column type=\u00bb1_2&#8243; _builder_version=\u00bb4.19.0&#8243; _module_preset=\u00bbdefault\u00bb global_colors_info=\u00bb{}\u00bb][et_pb_button button_url=\u00bbhttps:\/\/algamitasaventura.es\/alojamientos\/tarifas\/\u00bb button_text=\u00bbTARIFAS\u00bb button_alignment=\u00bbcenter\u00bb _builder_version=\u00bb4.19.0&#8243; _module_preset=\u00bbdefault\u00bb custom_button=\u00bbon\u00bb button_text_size=\u00bb25px\u00bb button_text_color=\u00bb#000000&#8243; button_bg_color=\u00bb#FFFFFF\u00bb button_border_color=\u00bbRGBA(255,255,255,0)\u00bb button_border_radius=\u00bb50px\u00bb button_letter_spacing=\u00bb3px\u00bb button_font=\u00bbM PLUS Rounded 1c|800|||||||\u00bb custom_margin=\u00bb||||false|false\u00bb custom_padding=\u00bb|80px||80px|false|false\u00bb locked=\u00bboff\u00bb global_colors_info=\u00bb{}\u00bb][\/et_pb_button][\/et_pb_column][et_pb_column type=\u00bb1_2&#8243; _builder_version=\u00bb4.19.0&#8243; _module_preset=\u00bbdefault\u00bb global_colors_info=\u00bb{}\u00bb][et_pb_button button_text=\u00bbOFERTAS\u00bb button_alignment=\u00bbcenter\u00bb _builder_version=\u00bb4.20.4&#8243; _module_preset=\u00bbdefault\u00bb custom_button=\u00bbon\u00bb button_text_size=\u00bb25px\u00bb button_text_color=\u00bb#000000&#8243; button_bg_color=\u00bb#FFFFFF\u00bb button_border_color=\u00bbRGBA(255,255,255,0)\u00bb button_border_radius=\u00bb50px\u00bb button_letter_spacing=\u00bb3px\u00bb button_font=\u00bbM PLUS Rounded 1c|800|||||||\u00bb custom_margin=\u00bb||||false|false\u00bb custom_padding=\u00bb|80px||80px|false|false\u00bb hover_enabled=\u00bb0&#8243; locked=\u00bboff\u00bb global_colors_info=\u00bb{}\u00bb button_url=\u00bbhttps:\/\/algamitasaventura.es\/ofertas\/\u00bb sticky_enabled=\u00bb0&#8243;][\/et_pb_button][\/et_pb_column][\/et_pb_row][\/et_pb_section]<\/p>","protected":false},"excerpt":{"rendered":"<p>MULTIAVENTURA Para que tu estancia sea de lo m\u00e1s divertida, adem\u00e1s de nuestro entorno natural junto al Pe\u00f1\u00f3n de Alg\u00e1mitas, el mejor alojamiento rural y la gastronom\u00eda m\u00e1s deliciosa, te ofrecemos multitud de actividades de animaci\u00f3n y ocio.\u00a0Actividades deportivas, recreativas y de ocio en la monta\u00f1a, con la que disfrutar\u00e1s del mejor plan de Sevilla [&hellip;]<\/p>","protected":false},"author":1,"featured_media":0,"parent":41,"menu_order":0,"comment_status":"closed","ping_status":"closed","template":"","meta":{"_et_pb_use_builder":"on","_et_pb_old_content":"<!-- wp:divi\/placeholder \/-->","_et_gb_content_width":"","footnotes":""},"class_list":["post-148","page","type-page","status-publish","hentry"],"yoast_head":"<!-- This site is optimized with the Yoast SEO plugin v21.9.1 - https:\/\/yoast.com\/wordpress\/plugins\/seo\/ -->\n<title>Multiaventura - Alg\u00e1mitas Aventura<\/title>\n<meta name=\"robots\" content=\"index, follow, max-snippet:-1, max-image-preview:large, max-video-preview:-1\" \/>\n<link rel=\"canonical\" href=\"https:\/\/algamitasaventura.es\/en\/animacion-y-ocio\/multiaventura\/\" \/>\n<meta property=\"og:locale\" content=\"en_US\" \/>\n<meta property=\"og:type\" content=\"article\" \/>\n<meta property=\"og:title\" content=\"Multiaventura - Alg\u00e1mitas Aventura\" \/>\n<meta property=\"og:description\" content=\"MULTIAVENTURA Para que tu estancia sea de lo m\u00e1s divertida, adem\u00e1s de nuestro entorno natural junto al Pe\u00f1\u00f3n de Alg\u00e1mitas, el mejor alojamiento rural y la gastronom\u00eda m\u00e1s deliciosa, te ofrecemos multitud de actividades de animaci\u00f3n y ocio.\u00a0Actividades deportivas, recreativas y de ocio en la monta\u00f1a, con la que disfrutar\u00e1s del mejor plan de Sevilla [&hellip;]\" \/>\n<meta property=\"og:url\" content=\"https:\/\/algamitasaventura.es\/en\/animacion-y-ocio\/multiaventura\/\" \/>\n<meta property=\"og:site_name\" content=\"Alg\u00e1mitas Aventura\" \/>\n<meta property=\"article:modified_time\" content=\"2023-04-11T08:40:51+00:00\" \/>\n<meta name=\"twitter:card\" content=\"summary_large_image\" \/>\n<script type=\"application\/ld+json\" class=\"yoast-schema-graph\">{\"@context\":\"https:\/\/schema.org\",\"@graph\":[{\"@type\":\"WebPage\",\"@id\":\"https:\/\/algamitasaventura.es\/animacion-y-ocio\/multiaventura\/\",\"url\":\"https:\/\/algamitasaventura.es\/animacion-y-ocio\/multiaventura\/\",\"name\":\"Multiaventura - Alg\u00e1mitas Aventura\",\"isPartOf\":{\"@id\":\"https:\/\/algamitasaventura.es\/#website\"},\"datePublished\":\"2022-12-07T11:27:10+00:00\",\"dateModified\":\"2023-04-11T08:40:51+00:00\",\"breadcrumb\":{\"@id\":\"https:\/\/algamitasaventura.es\/animacion-y-ocio\/multiaventura\/#breadcrumb\"},\"inLanguage\":\"en-US\",\"potentialAction\":[{\"@type\":\"ReadAction\",\"target\":[\"https:\/\/algamitasaventura.es\/animacion-y-ocio\/multiaventura\/\"]}]},{\"@type\":\"BreadcrumbList\",\"@id\":\"https:\/\/algamitasaventura.es\/animacion-y-ocio\/multiaventura\/#breadcrumb\",\"itemListElement\":[{\"@type\":\"ListItem\",\"position\":1,\"name\":\"Portada\",\"item\":\"https:\/\/algamitasaventura.es\/\"},{\"@type\":\"ListItem\",\"position\":2,\"name\":\"ANIMACI\u00d3N Y OCIO\",\"item\":\"https:\/\/algamitasaventura.es\/animacion-y-ocio\/\"},{\"@type\":\"ListItem\",\"position\":3,\"name\":\"Multiaventura\"}]},{\"@type\":\"WebSite\",\"@id\":\"https:\/\/algamitasaventura.es\/#website\",\"url\":\"https:\/\/algamitasaventura.es\/\",\"name\":\"Alg\u00e1mitas Aventura\",\"description\":\"Complejo Rural &quot;El Pe\u00f1\u00f3n&quot; de Alg\u00e1mitas\",\"potentialAction\":[{\"@type\":\"SearchAction\",\"target\":{\"@type\":\"EntryPoint\",\"urlTemplate\":\"https:\/\/algamitasaventura.es\/?s={search_term_string}\"},\"query-input\":\"required name=search_term_string\"}],\"inLanguage\":\"en-US\"}]}<\/script>\n<!-- \/ Yoast SEO plugin. -->","yoast_head_json":{"title":"Multiaventura - Alg\u00e1mitas Aventura","robots":{"index":"index","follow":"follow","max-snippet":"max-snippet:-1","max-image-preview":"max-image-preview:large","max-video-preview":"max-video-preview:-1"},"canonical":"https:\/\/algamitasaventura.es\/en\/animacion-y-ocio\/multiaventura\/","og_locale":"en_US","og_type":"article","og_title":"Multiaventura - Alg\u00e1mitas Aventura","og_description":"MULTIAVENTURA Para que tu estancia sea de lo m\u00e1s divertida, adem\u00e1s de nuestro entorno natural junto al Pe\u00f1\u00f3n de Alg\u00e1mitas, el mejor alojamiento rural y la gastronom\u00eda m\u00e1s deliciosa, te ofrecemos multitud de actividades de animaci\u00f3n y ocio.\u00a0Actividades deportivas, recreativas y de ocio en la monta\u00f1a, con la que disfrutar\u00e1s del mejor plan de Sevilla [&hellip;]","og_url":"https:\/\/algamitasaventura.es\/en\/animacion-y-ocio\/multiaventura\/","og_site_name":"Alg\u00e1mitas Aventura","article_modified_time":"2023-04-11T08:40:51+00:00","twitter_card":"summary_large_image","schema":{"@context":"https:\/\/schema.org","@graph":[{"@type":"WebPage","@id":"https:\/\/algamitasaventura.es\/animacion-y-ocio\/multiaventura\/","url":"https:\/\/algamitasaventura.es\/animacion-y-ocio\/multiaventura\/","name":"Multiaventura - Alg\u00e1mitas Aventura","isPartOf":{"@id":"https:\/\/algamitasaventura.es\/#website"},"datePublished":"2022-12-07T11:27:10+00:00","dateModified":"2023-04-11T08:40:51+00:00","breadcrumb":{"@id":"https:\/\/algamitasaventura.es\/animacion-y-ocio\/multiaventura\/#breadcrumb"},"inLanguage":"en-US","potentialAction":[{"@type":"ReadAction","target":["https:\/\/algamitasaventura.es\/animacion-y-ocio\/multiaventura\/"]}]},{"@type":"BreadcrumbList","@id":"https:\/\/algamitasaventura.es\/animacion-y-ocio\/multiaventura\/#breadcrumb","itemListElement":[{"@type":"ListItem","position":1,"name":"Portada","item":"https:\/\/algamitasaventura.es\/"},{"@type":"ListItem","position":2,"name":"ANIMACI\u00d3N Y OCIO","item":"https:\/\/algamitasaventura.es\/animacion-y-ocio\/"},{"@type":"ListItem","position":3,"name":"Multiaventura"}]},{"@type":"WebSite","@id":"https:\/\/algamitasaventura.es\/#website","url":"https:\/\/algamitasaventura.es\/","name":"Alg\u00e1mitas Aventura","description":"Complejo Rural &quot;El Pe\u00f1\u00f3n&quot; de Alg\u00e1mitas","potentialAction":[{"@type":"SearchAction","target":{"@type":"EntryPoint","urlTemplate":"https:\/\/algamitasaventura.es\/?s={search_term_string}"},"query-input":"required name=search_term_string"}],"inLanguage":"en-US"}]}},"_links":{"self":[{"href":"https:\/\/algamitasaventura.es\/en\/wp-json\/wp\/v2\/pages\/148","targetHints":{"allow":["GET"]}}],"collection":[{"href":"https:\/\/algamitasaventura.es\/en\/wp-json\/wp\/v2\/pages"}],"about":[{"href":"https:\/\/algamitasaventura.es\/en\/wp-json\/wp\/v2\/types\/page"}],"author":[{"embeddable":true,"href":"https:\/\/algamitasaventura.es\/en\/wp-json\/wp\/v2\/users\/1"}],"replies":[{"embeddable":true,"href":"https:\/\/algamitasaventura.es\/en\/wp-json\/wp\/v2\/comments?post=148"}],"version-history":[{"count":5,"href":"https:\/\/algamitasaventura.es\/en\/wp-json\/wp\/v2\/pages\/148\/revisions"}],"predecessor-version":[{"id":715,"href":"https:\/\/algamitasaventura.es\/en\/wp-json\/wp\/v2\/pages\/148\/revisions\/715"}],"up":[{"embeddable":true,"href":"https:\/\/algamitasaventura.es\/en\/wp-json\/wp\/v2\/pages\/41"}],"wp:attachment":[{"href":"https:\/\/algamitasaventura.es\/en\/wp-json\/wp\/v2\/media?parent=148"}],"curies":[{"name":"wp","href":"https:\/\/api.w.org\/{rel}","templated":true}]}}