{"id":256,"date":"2022-12-15T11:41:35","date_gmt":"2022-12-15T11:41:35","guid":{"rendered":"https:\/\/algamitasaventura.es\/?page_id=256"},"modified":"2023-04-11T08:38:34","modified_gmt":"2023-04-11T08:38:34","slug":"bungalows-ii","status":"publish","type":"page","link":"https:\/\/algamitasaventura.es\/en\/alojamientos\/bungalows-ii\/","title":{"rendered":"Stone bungalows"},"content":{"rendered":"<p>[et_pb_section fb_built=\u00bb1&#8243; _builder_version=\u00bb4.19.4&#8243; _module_preset=\u00bbdefault\u00bb background_color=\u00bb#bcd8a0&#8243; background_image=\u00bbhttps:\/\/algamitasaventura.es\/wp-content\/uploads\/2023\/01\/DSC06753.jpg\u00bb global_colors_info=\u00bb{}\u00bb][et_pb_row _builder_version=\u00bb4.19.0&#8243; _module_preset=\u00bbdefault\u00bb global_colors_info=\u00bb{}\u00bb][et_pb_column type=\u00bb4_4&#8243; _builder_version=\u00bb4.19.0&#8243; _module_preset=\u00bbdefault\u00bb global_colors_info=\u00bb{}\u00bb][et_pb_button button_url=\u00bbhttps:\/\/thelisresa.webcamp.fr\/?camping=elpenon&#038;custom-c1=FABA00&#038;custom-c2=8FB02B&#038;PHPSESSID=le92ae8r1qqku3umbfp53vr85i\u00bb button_text=\u00bb\u00a1RESERVAR YA!\u00bb button_alignment=\u00bbcenter\u00bb _builder_version=\u00bb4.19.5&#8243; _module_preset=\u00bbdefault\u00bb custom_button=\u00bbon\u00bb button_text_size=\u00bb30px\u00bb button_text_color=\u00bb#000000&#8243; button_bg_color=\u00bb#f9b900&#8243; button_border_color=\u00bbRGBA(255,255,255,0)\u00bb button_border_radius=\u00bb50px\u00bb button_font=\u00bbM PLUS Rounded 1c|800|||||||\u00bb custom_margin=\u00bb150px||150px||false|false\u00bb locked=\u00bboff\u00bb global_colors_info=\u00bb{}\u00bb][\/et_pb_button][\/et_pb_column][\/et_pb_row][\/et_pb_section][et_pb_section fb_built=\u00bb1&#8243; _builder_version=\u00bb4.19.0&#8243; _module_preset=\u00bbdefault\u00bb custom_padding=\u00bb37px|||||\u00bb global_colors_info=\u00bb{}\u00bb][et_pb_row _builder_version=\u00bb4.19.0&#8243; _module_preset=\u00bbdefault\u00bb global_colors_info=\u00bb{}\u00bb][et_pb_column type=\u00bb4_4&#8243; _builder_version=\u00bb4.19.0&#8243; _module_preset=\u00bbdefault\u00bb global_colors_info=\u00bb{}\u00bb][et_pb_text _builder_version=\u00bb4.19.5&#8243; _module_preset=\u00bbdefault\u00bb text_font=\u00bb|300|||on|||#E09900|solid\u00bb text_font_size=\u00bb15px\u00bb header_2_font=\u00bb|700|||on|||#f5b704|\u00bb header_2_text_align=\u00bbcenter\u00bb header_2_text_color=\u00bb#f5b704&#8243; header_2_font_size=\u00bb50px\u00bb custom_margin=\u00bb0px||0px||false|false\u00bb custom_padding=\u00bb||0px||false|false\u00bb header_2_font_size_tablet=\u00bb50px\u00bb header_2_font_size_phone=\u00bb36px\u00bb header_2_font_size_last_edited=\u00bbon|phone\u00bb global_colors_info=\u00bb{}\u00bb]<\/p>\n<h2>STONE BUNGALOWS<\/h2>\n<div id=\"gtx-trans\" style=\"position: absolute; left: 41px; top: 51.9062px;\">\n<div class=\"gtx-trans-icon\"><\/div>\n<\/div>\n<p>[\/et_pb_text][\/et_pb_column][\/et_pb_row][et_pb_row _builder_version=\u00bb4.19.0&#8243; _module_preset=\u00bbdefault\u00bb global_colors_info=\u00bb{}\u00bb][et_pb_column type=\u00bb4_4&#8243; _builder_version=\u00bb4.19.0&#8243; _module_preset=\u00bbdefault\u00bb global_colors_info=\u00bb{}\u00bb][brcr_image_carousel slide_count=\u00bb1&#8243; slide_spacing=\u00bb0px\u00bb _builder_version=\u00bb4.19.4&#8243; _module_preset=\u00bbdefault\u00bb global_colors_info=\u00bb{}\u00bb][brcr_image_carousel_child photo=\u00bbhttps:\/\/algamitasaventura.es\/wp-content\/uploads\/2023\/01\/terraza-cabana-3-2-1.jpg\u00bb _builder_version=\u00bb4.19.4&#8243; _module_preset=\u00bbdefault\u00bb global_colors_info=\u00bb{}\u00bb][\/brcr_image_carousel_child][brcr_image_carousel_child photo=\u00bbhttps:\/\/algamitasaventura.es\/wp-content\/uploads\/2023\/01\/terraza-cabana-3-2-3.jpg\u00bb _builder_version=\u00bb4.19.4&#8243; _module_preset=\u00bbdefault\u00bb global_colors_info=\u00bb{}\u00bb][\/brcr_image_carousel_child][brcr_image_carousel_child photo=\u00bbhttps:\/\/algamitasaventura.es\/wp-content\/uploads\/2023\/01\/terraza-cabana-3-2-2.jpg\u00bb _builder_version=\u00bb4.19.4&#8243; _module_preset=\u00bbdefault\u00bb global_colors_info=\u00bb{}\u00bb][\/brcr_image_carousel_child][\/brcr_image_carousel][\/et_pb_column][\/et_pb_row][et_pb_row column_structure=\u00bb1_6,1_6,1_6,1_6,1_6,1_6&#8243; _builder_version=\u00bb4.19.4&#8243; _module_preset=\u00bbdefault\u00bb global_colors_info=\u00bb{}\u00bb][et_pb_column type=\u00bb1_6&#8243; _builder_version=\u00bb4.19.0&#8243; _module_preset=\u00bbdefault\u00bb global_colors_info=\u00bb{}\u00bb][et_pb_image src=\u00bbhttps:\/\/algamitasaventura.es\/wp-content\/uploads\/2023\/01\/DSC06753-1.jpg\u00bb title_text=\u00bbDSC06753 (1)\u00bb align=\u00bbcenter\u00bb _builder_version=\u00bb4.19.4&#8243; _module_preset=\u00bbdefault\u00bb border_radii=\u00bbon|30px|30px|30px|30px\u00bb global_colors_info=\u00bb{}\u00bb][\/et_pb_image][\/et_pb_column][et_pb_column type=\u00bb1_6&#8243; _builder_version=\u00bb4.19.0&#8243; _module_preset=\u00bbdefault\u00bb global_colors_info=\u00bb{}\u00bb][et_pb_image src=\u00bbhttps:\/\/algamitasaventura.es\/wp-content\/uploads\/2023\/01\/DSC06762.jpg\u00bb title_text=\u00bbDSC06762&#8243; align=\u00bbcenter\u00bb _builder_version=\u00bb4.19.4&#8243; _module_preset=\u00bbdefault\u00bb border_radii=\u00bbon|30px|30px|30px|30px\u00bb global_colors_info=\u00bb{}\u00bb][\/et_pb_image][\/et_pb_column][et_pb_column type=\u00bb1_6&#8243; _builder_version=\u00bb4.19.0&#8243; _module_preset=\u00bbdefault\u00bb global_colors_info=\u00bb{}\u00bb][et_pb_image src=\u00bbhttps:\/\/algamitasaventura.es\/wp-content\/uploads\/2023\/01\/DSC06757.jpg\u00bb title_text=\u00bbDSC06757&#8243; align=\u00bbcenter\u00bb _builder_version=\u00bb4.19.4&#8243; _module_preset=\u00bbdefault\u00bb border_radii=\u00bbon|30px|30px|30px|30px\u00bb global_colors_info=\u00bb{}\u00bb][\/et_pb_image][\/et_pb_column][et_pb_column type=\u00bb1_6&#8243; _builder_version=\u00bb4.19.0&#8243; _module_preset=\u00bbdefault\u00bb global_colors_info=\u00bb{}\u00bb][et_pb_image src=\u00bbhttps:\/\/algamitasaventura.es\/wp-content\/uploads\/2023\/01\/DSC06760.jpg\u00bb title_text=\u00bbDSC06760&#8243; align=\u00bbcenter\u00bb _builder_version=\u00bb4.19.4&#8243; _module_preset=\u00bbdefault\u00bb border_radii=\u00bbon|30px|30px|30px|30px\u00bb global_colors_info=\u00bb{}\u00bb][\/et_pb_image][\/et_pb_column][et_pb_column type=\u00bb1_6&#8243; _builder_version=\u00bb4.19.0&#8243; _module_preset=\u00bbdefault\u00bb global_colors_info=\u00bb{}\u00bb][et_pb_image src=\u00bbhttps:\/\/algamitasaventura.es\/wp-content\/uploads\/2023\/01\/DSC06761.jpg\u00bb title_text=\u00bbDSC06761&#8243; align=\u00bbcenter\u00bb _builder_version=\u00bb4.19.4&#8243; _module_preset=\u00bbdefault\u00bb border_radii=\u00bbon|30px|30px|30px|30px\u00bb global_colors_info=\u00bb{}\u00bb][\/et_pb_image][\/et_pb_column][et_pb_column type=\u00bb1_6&#8243; _builder_version=\u00bb4.19.0&#8243; _module_preset=\u00bbdefault\u00bb global_colors_info=\u00bb{}\u00bb][et_pb_image src=\u00bbhttps:\/\/algamitasaventura.es\/wp-content\/uploads\/2023\/01\/DSC06759.jpg\u00bb title_text=\u00bbDSC06759&#8243; align=\u00bbcenter\u00bb _builder_version=\u00bb4.19.4&#8243; _module_preset=\u00bbdefault\u00bb border_radii=\u00bbon|30px|30px|30px|30px\u00bb global_colors_info=\u00bb{}\u00bb][\/et_pb_image][\/et_pb_column][\/et_pb_row][et_pb_row column_structure=\u00bb1_4,3_4&#8243; _builder_version=\u00bb4.19.4&#8243; _module_preset=\u00bbdefault\u00bb global_colors_info=\u00bb{}\u00bb][et_pb_column type=\u00bb1_4&#8243; _builder_version=\u00bb4.19.4&#8243; _module_preset=\u00bbdefault\u00bb background_color=\u00bb#f9b900&#8243; custom_padding=\u00bb20px|30px|20px|30px|false|false\u00bb border_radii=\u00bbon|50px|50px|50px|50px\u00bb global_colors_info=\u00bb{}\u00bb][et_pb_text _builder_version=\u00bb4.20.0&#8243; _module_preset=\u00bbdefault\u00bb text_text_color=\u00bb#000000&#8243; header_2_text_color=\u00bb#000000&#8243; text_orientation=\u00bbcenter\u00bb global_colors_info=\u00bb{}\u00bb]<\/p>\n<h2>Amenities<\/h2>\n<p>Heating<br \/>Air-conditioning<br \/>Microwave<br \/>Fridge with freezer<br \/>TV<br \/>Porch<br \/>Parking space<br \/>Views of the nature<br \/>Wifi<br \/>Pets allowed<\/p>\n<p>[\/et_pb_text][\/et_pb_column][et_pb_column type=\u00bb3_4&#8243; _builder_version=\u00bb4.19.0&#8243; _module_preset=\u00bbdefault\u00bb global_colors_info=\u00bb{}\u00bb][et_pb_text _builder_version=\u00bb4.19.5&#8243; _module_preset=\u00bbdefault\u00bb global_colors_info=\u00bb{}\u00bb]<\/p>\n<p>Scattered throughout our holm oak and gall oak forest, we found our <strong>stone bungalows<\/strong>, each one named after a town in the Sierra Sur, scattered throughout our holm oak and gall oak forest. You may believe they are not real, because <strong>our rural accommodation is camouflaged within its surroundings<\/strong> for a total integration with nature.<\/p>\n<p>There are 6 stone bungalows in Alg\u00e1mitas Aventura. <strong>You can stay with three other people<\/strong> and prepare the best plans in our privileged natural environment. Moreover, for the more daring, we offer our loft with a bed and stunning views of the Pe\u00f1\u00f3n de Alg\u00e1mitas.<\/p>\n<p>[\/et_pb_text][\/et_pb_column][\/et_pb_row][\/et_pb_section][et_pb_section fb_built=\u00bb1&#8243; _builder_version=\u00bb4.19.0&#8243; _module_preset=\u00bbdefault\u00bb background_color=\u00bb#e0d3ba\u00bb background_image=\u00bbhttps:\/\/algamitasaventura.es\/wp-content\/uploads\/2022\/11\/banners-1.png\u00bb locked=\u00bboff\u00bb global_colors_info=\u00bb{}\u00bb][et_pb_row column_structure=\u00bb1_2,1_2&#8243; _builder_version=\u00bb4.19.0&#8243; _module_preset=\u00bbdefault\u00bb custom_margin=\u00bb50px||50px||false|false\u00bb global_colors_info=\u00bb{}\u00bb][et_pb_column type=\u00bb1_2&#8243; _builder_version=\u00bb4.19.0&#8243; _module_preset=\u00bbdefault\u00bb global_colors_info=\u00bb{}\u00bb][et_pb_button button_url=\u00bbhttps:\/\/algamitasaventura.es\/alojamientos\/tarifas\/\u00bb button_text=\u00bbTARIFAS\u00bb button_alignment=\u00bbcenter\u00bb _builder_version=\u00bb4.19.0&#8243; _module_preset=\u00bbdefault\u00bb custom_button=\u00bbon\u00bb button_text_size=\u00bb25px\u00bb button_text_color=\u00bb#000000&#8243; button_bg_color=\u00bb#FFFFFF\u00bb button_border_color=\u00bbRGBA(255,255,255,0)\u00bb button_border_radius=\u00bb50px\u00bb button_letter_spacing=\u00bb3px\u00bb button_font=\u00bbM PLUS Rounded 1c|800|||||||\u00bb custom_margin=\u00bb||||false|false\u00bb custom_padding=\u00bb|80px||80px|false|false\u00bb locked=\u00bboff\u00bb global_colors_info=\u00bb{}\u00bb][\/et_pb_button][\/et_pb_column][et_pb_column type=\u00bb1_2&#8243; _builder_version=\u00bb4.19.0&#8243; _module_preset=\u00bbdefault\u00bb global_colors_info=\u00bb{}\u00bb][et_pb_button button_text=\u00bbOFERTAS\u00bb button_alignment=\u00bbcenter\u00bb _builder_version=\u00bb4.20.4&#8243; _module_preset=\u00bbdefault\u00bb custom_button=\u00bbon\u00bb button_text_size=\u00bb25px\u00bb button_text_color=\u00bb#000000&#8243; button_bg_color=\u00bb#FFFFFF\u00bb button_border_color=\u00bbRGBA(255,255,255,0)\u00bb button_border_radius=\u00bb50px\u00bb button_letter_spacing=\u00bb3px\u00bb button_font=\u00bbM PLUS Rounded 1c|800|||||||\u00bb custom_margin=\u00bb||||false|false\u00bb custom_padding=\u00bb|80px||80px|false|false\u00bb hover_enabled=\u00bb0&#8243; locked=\u00bboff\u00bb global_colors_info=\u00bb{}\u00bb button_url=\u00bbhttps:\/\/algamitasaventura.es\/ofertas\/\u00bb sticky_enabled=\u00bb0&#8243;][\/et_pb_button][\/et_pb_column][\/et_pb_row][\/et_pb_section]<\/p>","protected":false},"excerpt":{"rendered":"<p>STONE BUNGALOWS <div class=\"et_pb_module brcr_image_carousel brcr_image_carousel_0\">\n\t\t\t\t\n\t\t\t\t\n\t\t\t\t\n\t\t\t\t\n\t\t\t\t\n\t\t\t\t\n\t\t\t\t<div class=\"et_pb_module_inner\">\n\t\t\t\t\t<div class=\"brcr-carousel brcr-image-carousel brcr-carousel-frontend brcr-lightbox-off\" data-settings=\"{&quot;responsive&quot;:[{&quot;breakpoint&quot;:980},{&quot;breakpoint&quot;:767}],&quot;cssEase&quot;:&quot;ease-in-out&quot;,&quot;swipe&quot;:true,&quot;variableWidth&quot;:false,&quot;dots&quot;:false,&quot;arrows&quot;:true,&quot;infinite&quot;:true,&quot;autoplay&quot;:true,&quot;autoplaySpeed&quot;:2000,&quot;speed&quot;:700,&quot;slidesToShow&quot;:1,&quot;slidesToScroll&quot;:1,&quot;centerPadding&quot;:&quot;70px&quot;,&quot;centerMode&quot;:false,&quot;prevArrow&quot;:&quot;&lt;button type=\\&quot;button\\&quot; data-icon=\\&quot;4\\&quot; class=\\&quot;slick-arrow slick-prev\\&quot;&gt;Prev&lt;\\\/button&gt;&quot;,&quot;nextArrow&quot;:&quot;&lt;button type=\\&quot;button\\&quot; data-icon=\\&quot;5\\&quot; class=\\&quot;slick-arrow slick-next\\&quot;&gt;Prev&lt;\\\/button&gt;&quot;}\" >\r\n                    <div class=\"brcr_image_carousel_child brcr_image_carousel_child_0 bck_et_pb_module\">\n\t\t\t\t\n\t\t\t\t\n\t\t\t\t\n\t\t\t\t\n\t\t\t\t\n\t\t\t\t\n\t\t\t\t<div class=\"et_pb_module_inner\">\n\t\t\t\t\t<div class=\"brcr-carousel-item brcr-image-carousel-item brcr-swapped-img-selector brcr-hover--none\">\r\n                 <figure class=\"brcr-figure\">\r\n                    <div class=\"brcr-overlay\" data-icon=\"\"><\/div>\r\n                    <img decoding=\"async\" class=\"brcr-swapped-img\" data-mfp-src=\"https:\/\/algamitasaventura.es\/wp-content\/uploads\/2023\/01\/terraza-cabana-3-2-1.jpg\" src=\"https:\/\/algamitasaventura.es\/wp-content\/uploads\/2023\/01\/terraza-cabana-3-2-1.jpg\"  alt=\"\"\/>\r\n                <\/figure> \r\n\t\t\t<\/div>\n\t\t\t\t<\/div>\n\t\t\t<\/div><div class=\"brcr_image_carousel_child brcr_image_carousel_child_1 bck_et_pb_module\">\n\t\t\t\t\n\t\t\t\t\n\t\t\t\t\n\t\t\t\t\n\t\t\t\t\n\t\t\t\t\n\t\t\t\t<div class=\"et_pb_module_inner\">\n\t\t\t\t\t<div class=\"brcr-carousel-item brcr-image-carousel-item brcr-swapped-img-selector brcr-hover--none\">\r\n                 <figure class=\"brcr-figure\">\r\n                    <div class=\"brcr-overlay\" data-icon=\"\"><\/div>\r\n                    <img decoding=\"async\" class=\"brcr-swapped-img\" data-mfp-src=\"https:\/\/algamitasaventura.es\/wp-content\/uploads\/2023\/01\/terraza-cabana-3-2-3.jpg\" src=\"https:\/\/algamitasaventura.es\/wp-content\/uploads\/2023\/01\/terraza-cabana-3-2-3.jpg\"  alt=\"\"\/>\r\n                <\/figure> \r\n\t\t\t<\/div>\n\t\t\t\t<\/div>\n\t\t\t<\/div><div class=\"brcr_image_carousel_child brcr_image_carousel_child_2 bck_et_pb_module\">\n\t\t\t\t\n\t\t\t\t\n\t\t\t\t\n\t\t\t\t\n\t\t\t\t\n\t\t\t\t\n\t\t\t\t<div class=\"et_pb_module_inner\">\n\t\t\t\t\t<div class=\"brcr-carousel-item brcr-image-carousel-item brcr-swapped-img-selector brcr-hover--none\">\r\n                 <figure class=\"brcr-figure\">\r\n                    <div class=\"brcr-overlay\" data-icon=\"\"><\/div>\r\n                    <img decoding=\"async\" class=\"brcr-swapped-img\" data-mfp-src=\"https:\/\/algamitasaventura.es\/wp-content\/uploads\/2023\/01\/terraza-cabana-3-2-2.jpg\" src=\"https:\/\/algamitasaventura.es\/wp-content\/uploads\/2023\/01\/terraza-cabana-3-2-2.jpg\"  alt=\"\"\/>\r\n                <\/figure> \r\n\t\t\t<\/div>\n\t\t\t\t<\/div>\n\t\t\t<\/div>\r\n                <\/div>\n\t\t\t\t<\/div>\n\t\t\t<\/div>Equipamiento Calefacci\u00f3nClimatizaci\u00f3nMicroondasFrigor\u00edfico con congeladorTelevisi\u00f3nPorcheAparcamiento de una plazaVistas a la naturalezaWifiMascotas autorizadasDispersos por nuestro bosque de encinas y quejigos, encontramos nuestros bungalows de piedra, cada uno con el nombre de una localidad de la Sierra Sur. [&hellip;]<\/p>","protected":false},"author":1,"featured_media":0,"parent":39,"menu_order":0,"comment_status":"closed","ping_status":"closed","template":"","meta":{"_et_pb_use_builder":"on","_et_pb_old_content":"<!-- wp:divi\/placeholder \/-->","_et_gb_content_width":"","footnotes":""},"class_list":["post-256","page","type-page","status-publish","hentry"],"yoast_head":"<!-- This site is optimized with the Yoast SEO plugin v21.9.1 - https:\/\/yoast.com\/wordpress\/plugins\/seo\/ -->\n<title>Bungalows de piedra - Alg\u00e1mitas Aventura<\/title>\n<meta name=\"robots\" content=\"index, follow, max-snippet:-1, max-image-preview:large, max-video-preview:-1\" \/>\n<link rel=\"canonical\" href=\"https:\/\/algamitasaventura.es\/en\/alojamientos\/bungalows-ii\/\" \/>\n<meta property=\"og:locale\" content=\"en_US\" \/>\n<meta property=\"og:type\" content=\"article\" \/>\n<meta property=\"og:title\" content=\"Bungalows de piedra - Alg\u00e1mitas Aventura\" \/>\n<meta property=\"og:description\" content=\"BUNGALOWS DE PIEDRA Equipamiento Calefacci\u00f3nClimatizaci\u00f3nMicroondasFrigor\u00edfico con congeladorTelevisi\u00f3nPorcheAparcamiento de una plazaVistas a la naturalezaWifiMascotas autorizadasDispersos por nuestro bosque de encinas y quejigos, encontramos nuestros bungalows de piedra, cada uno con el nombre de una localidad de la Sierra Sur. [&hellip;]\" \/>\n<meta property=\"og:url\" content=\"https:\/\/algamitasaventura.es\/en\/alojamientos\/bungalows-ii\/\" \/>\n<meta property=\"og:site_name\" content=\"Alg\u00e1mitas Aventura\" \/>\n<meta property=\"article:modified_time\" content=\"2023-04-11T08:38:34+00:00\" \/>\n<meta name=\"twitter:card\" content=\"summary_large_image\" \/>\n<meta name=\"twitter:label1\" content=\"Est. reading time\" \/>\n\t<meta name=\"twitter:data1\" content=\"2 minutes\" \/>\n<script type=\"application\/ld+json\" class=\"yoast-schema-graph\">{\"@context\":\"https:\/\/schema.org\",\"@graph\":[{\"@type\":\"WebPage\",\"@id\":\"https:\/\/algamitasaventura.es\/alojamientos\/bungalows-ii\/\",\"url\":\"https:\/\/algamitasaventura.es\/alojamientos\/bungalows-ii\/\",\"name\":\"Bungalows de piedra - Alg\u00e1mitas Aventura\",\"isPartOf\":{\"@id\":\"https:\/\/algamitasaventura.es\/#website\"},\"datePublished\":\"2022-12-15T11:41:35+00:00\",\"dateModified\":\"2023-04-11T08:38:34+00:00\",\"breadcrumb\":{\"@id\":\"https:\/\/algamitasaventura.es\/alojamientos\/bungalows-ii\/#breadcrumb\"},\"inLanguage\":\"en-US\",\"potentialAction\":[{\"@type\":\"ReadAction\",\"target\":[\"https:\/\/algamitasaventura.es\/alojamientos\/bungalows-ii\/\"]}]},{\"@type\":\"BreadcrumbList\",\"@id\":\"https:\/\/algamitasaventura.es\/alojamientos\/bungalows-ii\/#breadcrumb\",\"itemListElement\":[{\"@type\":\"ListItem\",\"position\":1,\"name\":\"Portada\",\"item\":\"https:\/\/algamitasaventura.es\/\"},{\"@type\":\"ListItem\",\"position\":2,\"name\":\"ALOJAMIENTOS\",\"item\":\"https:\/\/algamitasaventura.es\/alojamientos\/\"},{\"@type\":\"ListItem\",\"position\":3,\"name\":\"Bungalows de piedra\"}]},{\"@type\":\"WebSite\",\"@id\":\"https:\/\/algamitasaventura.es\/#website\",\"url\":\"https:\/\/algamitasaventura.es\/\",\"name\":\"Alg\u00e1mitas Aventura\",\"description\":\"Complejo Rural &quot;El Pe\u00f1\u00f3n&quot; de Alg\u00e1mitas\",\"potentialAction\":[{\"@type\":\"SearchAction\",\"target\":{\"@type\":\"EntryPoint\",\"urlTemplate\":\"https:\/\/algamitasaventura.es\/?s={search_term_string}\"},\"query-input\":\"required name=search_term_string\"}],\"inLanguage\":\"en-US\"}]}<\/script>\n<!-- \/ Yoast SEO plugin. -->","yoast_head_json":{"title":"Bungalows de piedra - Alg\u00e1mitas Aventura","robots":{"index":"index","follow":"follow","max-snippet":"max-snippet:-1","max-image-preview":"max-image-preview:large","max-video-preview":"max-video-preview:-1"},"canonical":"https:\/\/algamitasaventura.es\/en\/alojamientos\/bungalows-ii\/","og_locale":"en_US","og_type":"article","og_title":"Bungalows de piedra - Alg\u00e1mitas Aventura","og_description":"BUNGALOWS DE PIEDRA Equipamiento Calefacci\u00f3nClimatizaci\u00f3nMicroondasFrigor\u00edfico con congeladorTelevisi\u00f3nPorcheAparcamiento de una plazaVistas a la naturalezaWifiMascotas autorizadasDispersos por nuestro bosque de encinas y quejigos, encontramos nuestros bungalows de piedra, cada uno con el nombre de una localidad de la Sierra Sur. [&hellip;]","og_url":"https:\/\/algamitasaventura.es\/en\/alojamientos\/bungalows-ii\/","og_site_name":"Alg\u00e1mitas Aventura","article_modified_time":"2023-04-11T08:38:34+00:00","twitter_card":"summary_large_image","twitter_misc":{"Est. reading time":"2 minutes"},"schema":{"@context":"https:\/\/schema.org","@graph":[{"@type":"WebPage","@id":"https:\/\/algamitasaventura.es\/alojamientos\/bungalows-ii\/","url":"https:\/\/algamitasaventura.es\/alojamientos\/bungalows-ii\/","name":"Bungalows de piedra - Alg\u00e1mitas Aventura","isPartOf":{"@id":"https:\/\/algamitasaventura.es\/#website"},"datePublished":"2022-12-15T11:41:35+00:00","dateModified":"2023-04-11T08:38:34+00:00","breadcrumb":{"@id":"https:\/\/algamitasaventura.es\/alojamientos\/bungalows-ii\/#breadcrumb"},"inLanguage":"en-US","potentialAction":[{"@type":"ReadAction","target":["https:\/\/algamitasaventura.es\/alojamientos\/bungalows-ii\/"]}]},{"@type":"BreadcrumbList","@id":"https:\/\/algamitasaventura.es\/alojamientos\/bungalows-ii\/#breadcrumb","itemListElement":[{"@type":"ListItem","position":1,"name":"Portada","item":"https:\/\/algamitasaventura.es\/"},{"@type":"ListItem","position":2,"name":"ALOJAMIENTOS","item":"https:\/\/algamitasaventura.es\/alojamientos\/"},{"@type":"ListItem","position":3,"name":"Bungalows de piedra"}]},{"@type":"WebSite","@id":"https:\/\/algamitasaventura.es\/#website","url":"https:\/\/algamitasaventura.es\/","name":"Alg\u00e1mitas Aventura","description":"Complejo Rural &quot;El Pe\u00f1\u00f3n&quot; de Alg\u00e1mitas","potentialAction":[{"@type":"SearchAction","target":{"@type":"EntryPoint","urlTemplate":"https:\/\/algamitasaventura.es\/?s={search_term_string}"},"query-input":"required name=search_term_string"}],"inLanguage":"en-US"}]}},"_links":{"self":[{"href":"https:\/\/algamitasaventura.es\/en\/wp-json\/wp\/v2\/pages\/256","targetHints":{"allow":["GET"]}}],"collection":[{"href":"https:\/\/algamitasaventura.es\/en\/wp-json\/wp\/v2\/pages"}],"about":[{"href":"https:\/\/algamitasaventura.es\/en\/wp-json\/wp\/v2\/types\/page"}],"author":[{"embeddable":true,"href":"https:\/\/algamitasaventura.es\/en\/wp-json\/wp\/v2\/users\/1"}],"replies":[{"embeddable":true,"href":"https:\/\/algamitasaventura.es\/en\/wp-json\/wp\/v2\/comments?post=256"}],"version-history":[{"count":5,"href":"https:\/\/algamitasaventura.es\/en\/wp-json\/wp\/v2\/pages\/256\/revisions"}],"predecessor-version":[{"id":709,"href":"https:\/\/algamitasaventura.es\/en\/wp-json\/wp\/v2\/pages\/256\/revisions\/709"}],"up":[{"embeddable":true,"href":"https:\/\/algamitasaventura.es\/en\/wp-json\/wp\/v2\/pages\/39"}],"wp:attachment":[{"href":"https:\/\/algamitasaventura.es\/en\/wp-json\/wp\/v2\/media?parent=256"}],"curies":[{"name":"wp","href":"https:\/\/api.w.org\/{rel}","templated":true}]}}