{"id":37,"date":"2022-11-14T08:06:32","date_gmt":"2022-11-14T08:06:32","guid":{"rendered":"https:\/\/algamitasaventura.es\/?page_id=37"},"modified":"2023-03-02T16:26:37","modified_gmt":"2023-03-02T16:26:37","slug":"nuestro-complejo","status":"publish","type":"page","link":"https:\/\/algamitasaventura.es\/en\/nuestro-complejo\/","title":{"rendered":"OUR RURAL COMPLEX"},"content":{"rendered":"<p>[et_pb_section fb_built=\u00bb1&#8243; _builder_version=\u00bb4.20.0&#8243; _module_preset=\u00bbdefault\u00bb background_color=\u00bb#bcd8a0&#8243; background_image=\u00bbhttps:\/\/algamitasaventura.es\/wp-content\/uploads\/2023\/03\/G0041177-1-scaled.jpg\u00bb hover_enabled=\u00bb0&#8243; global_colors_info=\u00bb{}\u00bb theme_builder_area=\u00bbpost_content\u00bb title_text=\u00bbDCIM100GOPROG0041177.\u00bb sticky_enabled=\u00bb0&#8243;][et_pb_row _builder_version=\u00bb4.19.0&#8243; _module_preset=\u00bbdefault\u00bb global_colors_info=\u00bb{}\u00bb theme_builder_area=\u00bbpost_content\u00bb][et_pb_column type=\u00bb4_4&#8243; _builder_version=\u00bb4.19.0&#8243; _module_preset=\u00bbdefault\u00bb global_colors_info=\u00bb{}\u00bb theme_builder_area=\u00bbpost_content\u00bb][et_pb_button button_url=\u00bbhttps:\/\/thelisresa.webcamp.fr\/?camping=elpenon&#038;custom-c1=FABA00&#038;custom-c2=8FB02B&#038;PHPSESSID=le92ae8r1qqku3umbfp53vr85i\u00bb button_text=\u00bb\u00a1RESERVAR YA!\u00bb button_alignment=\u00bbcenter\u00bb _builder_version=\u00bb4.19.5&#8243; _module_preset=\u00bbdefault\u00bb custom_button=\u00bbon\u00bb button_text_size=\u00bb30px\u00bb button_text_color=\u00bb#000000&#8243; button_bg_color=\u00bb#f9b900&#8243; button_border_color=\u00bbRGBA(255,255,255,0)\u00bb button_border_radius=\u00bb50px\u00bb button_font=\u00bbM PLUS Rounded 1c|800|||||||\u00bb custom_margin=\u00bb150px||150px||false|false\u00bb locked=\u00bboff\u00bb global_colors_info=\u00bb{}\u00bb theme_builder_area=\u00bbpost_content\u00bb][\/et_pb_button][\/et_pb_column][\/et_pb_row][\/et_pb_section][et_pb_section fb_built=\u00bb1&#8243; _builder_version=\u00bb4.19.0&#8243; _module_preset=\u00bbdefault\u00bb global_colors_info=\u00bb{}\u00bb][et_pb_row _builder_version=\u00bb4.19.0&#8243; _module_preset=\u00bbdefault\u00bb locked=\u00bboff\u00bb global_colors_info=\u00bb{}\u00bb][et_pb_column type=\u00bb4_4&#8243; _builder_version=\u00bb4.19.0&#8243; _module_preset=\u00bbdefault\u00bb global_colors_info=\u00bb{}\u00bb][et_pb_text _builder_version=\u00bb4.19.5&#8243; _module_preset=\u00bbdefault\u00bb text_font=\u00bb|300|||on|||#E09900|solid\u00bb text_font_size=\u00bb15px\u00bb header_2_font=\u00bb|800|||on|||#f5b704|\u00bb header_2_text_align=\u00bbcenter\u00bb header_2_text_color=\u00bb#f5b704&#8243; header_2_font_size=\u00bb50px\u00bb custom_margin=\u00bb0px||0px||false|false\u00bb custom_padding=\u00bb||0px||false|false\u00bb global_colors_info=\u00bb{}\u00bb]<\/p>\n<h2>OUR RURAL COMPLEX<\/h2>\n<div id=\"gtx-trans\" style=\"position: absolute; left: 197px; top: 51.9062px;\">\n<div class=\"gtx-trans-icon\"><\/div>\n<\/div>\n<p>[\/et_pb_text][\/et_pb_column][\/et_pb_row][et_pb_row _builder_version=\u00bb4.19.0&#8243; _module_preset=\u00bbdefault\u00bb custom_margin=\u00bb||0px||false|false\u00bb custom_padding=\u00bb||0px||false|false\u00bb border_color_all=\u00bb#f9b900&#8243; border_width_bottom=\u00bb2px\u00bb locked=\u00bboff\u00bb global_colors_info=\u00bb{}\u00bb][et_pb_column type=\u00bb4_4&#8243; _builder_version=\u00bb4.19.0&#8243; _module_preset=\u00bbdefault\u00bb global_colors_info=\u00bb{}\u00bb][et_pb_text _builder_version=\u00bb4.19.5&#8243; _module_preset=\u00bbdefault\u00bb text_font=\u00bb|300|||on|||RGBA(255,255,255,0)|solid\u00bb text_font_size=\u00bb15px\u00bb header_font=\u00bb|700|||||||\u00bb header_2_font=\u00bb|800||||||#f5b704|\u00bb header_2_text_align=\u00bbleft\u00bb header_2_text_color=\u00bb#f5b704&#8243; header_2_font_size=\u00bb45px\u00bb custom_margin=\u00bb0px||0px||false|false\u00bb custom_padding=\u00bb||0px||false|false\u00bb global_colors_info=\u00bb{}\u00bb]<\/p>\n<h2>Facilities<\/h2>\n<div id=\"gtx-trans\" style=\"position: absolute; left: 197px; top: 51.9062px;\">\n<div class=\"gtx-trans-icon\"><\/div>\n<\/div>\n<p>[\/et_pb_text][\/et_pb_column][\/et_pb_row][et_pb_row column_structure=\u00bb1_4,3_4&#8243; make_equal=\u00bbon\u00bb _builder_version=\u00bb4.19.0&#8243; _module_preset=\u00bbdefault\u00bb global_colors_info=\u00bb{}\u00bb][et_pb_column type=\u00bb1_4&#8243; _builder_version=\u00bb4.19.0&#8243; _module_preset=\u00bbdefault\u00bb global_colors_info=\u00bb{}\u00bb][et_pb_image src=\u00bbhttps:\/\/algamitasaventura.es\/wp-content\/uploads\/2022\/12\/resta.jpg\u00bb title_text=\u00bbresta\u00bb _builder_version=\u00bb4.19.0&#8243; _module_preset=\u00bbdefault\u00bb border_radii=\u00bbon|50px|50px|50px|50px\u00bb global_colors_info=\u00bb{}\u00bb][\/et_pb_image][\/et_pb_column][et_pb_column type=\u00bb3_4&#8243; _builder_version=\u00bb4.19.0&#8243; _module_preset=\u00bbdefault\u00bb custom_css_main_element=\u00bbdisplay: flex;||flex-direction: column;||justify-content: center;\u00bb global_colors_info=\u00bb{}\u00bb][et_pb_text _builder_version=\u00bb4.19.0&#8243; _module_preset=\u00bbdefault\u00bb text_font=\u00bb||||on|||RGBA(255,255,255,0)|solid\u00bb text_line_height=\u00bb1.3em\u00bb header_2_font=\u00bb|800||||||#f5b704|\u00bb header_2_text_align=\u00bbleft\u00bb header_2_text_color=\u00bb#f5b704&#8243; header_2_font_size=\u00bb45px\u00bb custom_margin=\u00bb0px||0px||false|false\u00bb custom_padding=\u00bb||0px||false|false\u00bb global_colors_info=\u00bb{}\u00bb]<\/p>\n<h2>Restaurant<\/h2>\n<p>&nbsp;<\/p>\n<p>Whether you are staying in our rural accommodation or you just want to come and spend the day, you have our Restaurant, with capacity for 350 diners, at your disposal.<\/p>\n<p>It is built of stone and wood and it is completely integrated into its natural surroundings, on the slopes of El Pe\u00f1\u00f3n de Alg\u00e1mitas, the highest peak in the province of Seville.<\/p>\n<p>It has a magnificent terrace with views of Sierra Sur mountains of Seville, a function room with a capacity for 252 people, as well as a conference room.<\/p>\n<div id=\"gtx-trans\" style=\"position: absolute; left: 197px; top: 51.9062px;\">\n<div class=\"gtx-trans-icon\"><\/div>\n<\/div>\n<p>[\/et_pb_text][et_pb_button button_url=\u00bbhttps:\/\/algamitasaventura.es\/nuestro-complejo\/instalaciones\/restaurante-2\/\u00bb button_text=\u00bb+ INFO\u00bb button_alignment=\u00bbleft\u00bb _builder_version=\u00bb4.19.5&#8243; _module_preset=\u00bbdefault\u00bb custom_button=\u00bbon\u00bb button_text_size=\u00bb15px\u00bb button_text_color=\u00bb#000000&#8243; button_bg_color=\u00bb#f9b900&#8243; button_border_color=\u00bbRGBA(255,255,255,0)\u00bb button_border_radius=\u00bb50px\u00bb button_font=\u00bbM PLUS Rounded 1c|800|||||||\u00bb custom_margin=\u00bb25px||||false|false\u00bb locked=\u00bboff\u00bb global_colors_info=\u00bb{}\u00bb][\/et_pb_button][\/et_pb_column][\/et_pb_row][et_pb_row column_structure=\u00bb1_4,3_4&#8243; make_equal=\u00bbon\u00bb _builder_version=\u00bb4.19.0&#8243; _module_preset=\u00bbdefault\u00bb global_colors_info=\u00bb{}\u00bb][et_pb_column type=\u00bb1_4&#8243; _builder_version=\u00bb4.19.0&#8243; _module_preset=\u00bbdefault\u00bb global_colors_info=\u00bb{}\u00bb][et_pb_image src=\u00bbhttps:\/\/algamitasaventura.es\/wp-content\/uploads\/2022\/12\/tienda.jpg\u00bb title_text=\u00bbtienda\u00bb _builder_version=\u00bb4.19.0&#8243; _module_preset=\u00bbdefault\u00bb border_radii=\u00bbon|50px|50px|50px|50px\u00bb global_colors_info=\u00bb{}\u00bb][\/et_pb_image][\/et_pb_column][et_pb_column type=\u00bb3_4&#8243; _builder_version=\u00bb4.19.0&#8243; _module_preset=\u00bbdefault\u00bb custom_css_main_element=\u00bbdisplay: flex;||flex-direction: column;||justify-content: center;\u00bb global_colors_info=\u00bb{}\u00bb][et_pb_text _builder_version=\u00bb4.19.5&#8243; _module_preset=\u00bbdefault\u00bb text_font=\u00bb||||on|||RGBA(255,255,255,0)|solid\u00bb text_line_height=\u00bb1.3em\u00bb header_2_font=\u00bb|800||||||#f5b704|\u00bb header_2_text_align=\u00bbleft\u00bb header_2_text_color=\u00bb#f5b704&#8243; header_2_font_size=\u00bb45px\u00bb custom_margin=\u00bb0px||0px||false|false\u00bb custom_padding=\u00bb||0px||false|false\u00bb global_colors_info=\u00bb{}\u00bb]<\/p>\n<h2>Shop\/Reception\u00a0<\/h2>\n<p>&nbsp;<\/p>\n<p>Our staff will welcome here you when you arrive at Alg\u00e1mitas Aventura. We will assist you the best we can and we will inform you about everything you can do in our rural complex.<br \/>Moreover, next to the reception there is a small shop where you can buy the basic products that any camper may need. Next to the reception, the switchboard telephone number 95 585 53 00 is also located.<\/p>\n<div id=\"gtx-trans\" style=\"position: absolute; left: 197px; top: 51.9062px;\">\n<div class=\"gtx-trans-icon\"><\/div>\n<\/div>\n<p>[\/et_pb_text][et_pb_button button_url=\u00bbhttps:\/\/algamitasaventura.es\/nuestro-complejo\/instalaciones\/recepcion-y-tienda\/\u00bb button_text=\u00bb+ INFO\u00bb button_alignment=\u00bbleft\u00bb _builder_version=\u00bb4.19.5&#8243; _module_preset=\u00bbdefault\u00bb custom_button=\u00bbon\u00bb button_text_size=\u00bb15px\u00bb button_text_color=\u00bb#000000&#8243; button_bg_color=\u00bb#f9b900&#8243; button_border_color=\u00bbRGBA(255,255,255,0)\u00bb button_border_radius=\u00bb50px\u00bb button_font=\u00bbM PLUS Rounded 1c|800|||||||\u00bb custom_margin=\u00bb25px||||false|false\u00bb locked=\u00bboff\u00bb global_colors_info=\u00bb{}\u00bb][\/et_pb_button][\/et_pb_column][\/et_pb_row][et_pb_row column_structure=\u00bb1_4,3_4&#8243; make_equal=\u00bbon\u00bb _builder_version=\u00bb4.19.0&#8243; _module_preset=\u00bbdefault\u00bb global_colors_info=\u00bb{}\u00bb][et_pb_column type=\u00bb1_4&#8243; _builder_version=\u00bb4.19.0&#8243; _module_preset=\u00bbdefault\u00bb global_colors_info=\u00bb{}\u00bb][et_pb_image src=\u00bbhttps:\/\/algamitasaventura.es\/wp-content\/uploads\/2022\/12\/depor-scaled.jpg\u00bb title_text=\u00bbdepor\u00bb _builder_version=\u00bb4.19.0&#8243; _module_preset=\u00bbdefault\u00bb border_radii=\u00bbon|50px|50px|50px|50px\u00bb global_colors_info=\u00bb{}\u00bb][\/et_pb_image][\/et_pb_column][et_pb_column type=\u00bb3_4&#8243; _builder_version=\u00bb4.19.0&#8243; _module_preset=\u00bbdefault\u00bb custom_css_main_element=\u00bbdisplay: flex;||flex-direction: column;||justify-content: center;\u00bb global_colors_info=\u00bb{}\u00bb][et_pb_text _builder_version=\u00bb4.19.0&#8243; _module_preset=\u00bbdefault\u00bb text_font=\u00bb||||on|||RGBA(255,255,255,0)|solid\u00bb text_line_height=\u00bb1.3em\u00bb header_2_font=\u00bb|800||||||#f5b704|\u00bb header_2_text_align=\u00bbleft\u00bb header_2_text_color=\u00bb#f5b704&#8243; header_2_font_size=\u00bb45px\u00bb custom_margin=\u00bb0px||0px||false|false\u00bb custom_padding=\u00bb||0px||false|false\u00bb global_colors_info=\u00bb{}\u00bb]<\/p>\n<h2>Sport Activities<\/h2>\n<p>&nbsp;<\/p>\n<p>Do you prefer a relaxed or an adventurous holidays? In our rural complex you can enjoy both options, since we offer mountain sport activities that will delight the most adventurous ones.<\/p>\n<p>There are also a number of hiking routes that you can also do on horseback. You can also enjoy sports such as climbing, abseiling and archery. In addition, there is a zip line, a Tibetan bridge, a climbing wall,\u2026 You will have no excuse to release tension doing the most fun activities in an incomparable natural setting.<\/p>\n<div id=\"gtx-trans\" style=\"position: absolute; left: 197px; top: 51.9062px;\">\n<div class=\"gtx-trans-icon\"><\/div>\n<\/div>\n<p>[\/et_pb_text][et_pb_button button_url=\u00bbhttps:\/\/algamitasaventura.es\/nuestro-complejo\/instalaciones\/instalaciones-deportivas\/\u00bb button_text=\u00bb+ INFO\u00bb button_alignment=\u00bbleft\u00bb _builder_version=\u00bb4.19.5&#8243; _module_preset=\u00bbdefault\u00bb custom_button=\u00bbon\u00bb button_text_size=\u00bb15px\u00bb button_text_color=\u00bb#000000&#8243; button_bg_color=\u00bb#f9b900&#8243; button_border_color=\u00bbRGBA(255,255,255,0)\u00bb button_border_radius=\u00bb50px\u00bb button_font=\u00bbM PLUS Rounded 1c|800|||||||\u00bb custom_margin=\u00bb25px||||false|false\u00bb locked=\u00bboff\u00bb global_colors_info=\u00bb{}\u00bb][\/et_pb_button][\/et_pb_column][\/et_pb_row][et_pb_row column_structure=\u00bb1_4,3_4&#8243; make_equal=\u00bbon\u00bb _builder_version=\u00bb4.19.0&#8243; _module_preset=\u00bbdefault\u00bb global_colors_info=\u00bb{}\u00bb][et_pb_column type=\u00bb1_4&#8243; _builder_version=\u00bb4.19.0&#8243; _module_preset=\u00bbdefault\u00bb global_colors_info=\u00bb{}\u00bb][et_pb_image src=\u00bbhttps:\/\/algamitasaventura.es\/wp-content\/uploads\/2022\/12\/piscina-scaled.jpg\u00bb title_text=\u00bbpiscina\u00bb _builder_version=\u00bb4.19.0&#8243; _module_preset=\u00bbdefault\u00bb border_radii=\u00bbon|50px|50px|50px|50px\u00bb global_colors_info=\u00bb{}\u00bb][\/et_pb_image][\/et_pb_column][et_pb_column type=\u00bb3_4&#8243; _builder_version=\u00bb4.19.0&#8243; _module_preset=\u00bbdefault\u00bb custom_css_main_element=\u00bbdisplay: flex;||flex-direction: column;||justify-content: center;\u00bb global_colors_info=\u00bb{}\u00bb][et_pb_text _builder_version=\u00bb4.19.5&#8243; _module_preset=\u00bbdefault\u00bb text_font=\u00bb||||on|||RGBA(255,255,255,0)|solid\u00bb text_line_height=\u00bb1.3em\u00bb header_2_font=\u00bb|800||||||#f5b704|\u00bb header_2_text_align=\u00bbleft\u00bb header_2_text_color=\u00bb#f5b704&#8243; header_2_font_size=\u00bb45px\u00bb custom_margin=\u00bb0px||0px||false|false\u00bb custom_padding=\u00bb||0px||false|false\u00bb global_colors_info=\u00bb{}\u00bb]<\/p>\n<h2>Swimming pool<\/h2>\n<p>&nbsp;<\/p>\n<p>We managed to convert a water treatment plant into the magnificent swimming pool that all visitors who visit Alg\u00e1mitas Aventura enjoy. Its characteristics make it unique and make it the best place to enjoy your plans in Seville.<\/p>\n<p>Don't miss the views of Sierra Sur! There is no better way to take a bath and feel totally integrated in nature.<\/p>\n<div id=\"gtx-trans\" style=\"position: absolute; left: 197px; top: 51.9062px;\">\n<div class=\"gtx-trans-icon\"><\/div>\n<\/div>\n<p>[\/et_pb_text][et_pb_button button_url=\u00bbhttps:\/\/algamitasaventura.es\/nuestro-complejo\/instalaciones\/piscina\/\u00bb button_text=\u00bb+ INFO\u00bb button_alignment=\u00bbleft\u00bb _builder_version=\u00bb4.19.5&#8243; _module_preset=\u00bbdefault\u00bb custom_button=\u00bbon\u00bb button_text_size=\u00bb15px\u00bb button_text_color=\u00bb#000000&#8243; button_bg_color=\u00bb#f9b900&#8243; button_border_color=\u00bbRGBA(255,255,255,0)\u00bb button_border_radius=\u00bb50px\u00bb button_font=\u00bbM PLUS Rounded 1c|800|||||||\u00bb custom_margin=\u00bb25px||||false|false\u00bb locked=\u00bboff\u00bb global_colors_info=\u00bb{}\u00bb][\/et_pb_button][\/et_pb_column][\/et_pb_row][et_pb_row column_structure=\u00bb1_4,3_4&#8243; _builder_version=\u00bb4.20.0&#8243; _module_preset=\u00bbdefault\u00bb custom_margin=\u00bb||0px||false|false\u00bb custom_padding=\u00bb||0px||false|false\u00bb border_color_all=\u00bb#f9b900&#8243; locked=\u00bboff\u00bb global_colors_info=\u00bb{}\u00bb][et_pb_column type=\u00bb1_4&#8243; _builder_version=\u00bb4.19.0&#8243; _module_preset=\u00bbdefault\u00bb global_colors_info=\u00bb{}\u00bb][et_pb_image src=\u00bbhttps:\/\/algamitasaventura.es\/wp-content\/uploads\/2023\/03\/entorno.jpg\u00bb title_text=\u00bbentorno\u00bb _builder_version=\u00bb4.20.0&#8243; _module_preset=\u00bbdefault\u00bb border_radii=\u00bbon|50px|50px|50px|50px\u00bb global_colors_info=\u00bb{}\u00bb][\/et_pb_image][\/et_pb_column][et_pb_column type=\u00bb3_4&#8243; _builder_version=\u00bb4.19.0&#8243; _module_preset=\u00bbdefault\u00bb global_colors_info=\u00bb{}\u00bb][et_pb_text _builder_version=\u00bb4.19.5&#8243; _module_preset=\u00bbdefault\u00bb text_font=\u00bb|300|||on|||RGBA(255,255,255,0)|solid\u00bb text_font_size=\u00bb15px\u00bb header_2_font=\u00bb|800||||||#f5b704|\u00bb header_2_text_align=\u00bbleft\u00bb header_2_text_color=\u00bb#f5b704&#8243; header_2_font_size=\u00bb45px\u00bb custom_margin=\u00bb0px||0px||false|false\u00bb custom_padding=\u00bb||0px||false|false\u00bb global_colors_info=\u00bb{}\u00bb]<\/p>\n<h2>Setting<\/h2>\n<div id=\"gtx-trans\" style=\"position: absolute; left: 197px; top: 51.9062px;\">\n<div class=\"gtx-trans-icon\"><\/div>\n<\/div>\n<p>[\/et_pb_text][et_pb_text _builder_version=\u00bb4.19.0&#8243; _module_preset=\u00bbdefault\u00bb text_font=\u00bb||||on|||RGBA(255,255,255,0)|solid\u00bb text_line_height=\u00bb1.3em\u00bb header_2_font=\u00bb|700||||||#f5b704|\u00bb header_2_text_align=\u00bbleft\u00bb header_2_text_color=\u00bb#f5b704&#8243; header_2_font_size=\u00bb45px\u00bb custom_margin=\u00bb0px||0px||false|false\u00bb custom_padding=\u00bb||0px||false|false\u00bb locked=\u00bboff\u00bb global_colors_info=\u00bb{}\u00bb]Estamos enclavados en la ladera del Pe\u00f1\u00f3n de Alg\u00e1mitas, con 1130 m. de altitud sobre el nivel del mar<\/p>\n<p>Alg\u00e1mitas is a small town in the province of Seville situated on the border with the provinces of Cadiz and Malaga, about 100 kilometres away from Seville. The richness and variety of its natural environment make it an exceptional setting. <\/p>\n<p>Sus or\u00edgenes, junto al r\u00edo Corbones, se remontan a la \u00e9poca de la expansi\u00f3n fenicia por todo el valle del Guadalquivir, ya que tanto la Sierra El Tabl\u00f3n como el Pe\u00f1\u00f3n El Terril son visibles desde el mar. Por lo que se cree que serv\u00eda ubicaci\u00f3n estrat\u00e9gica, con una inmejorable perspectiva[\/et_pb_text][et_pb_button button_url=\u00bbhttps:\/\/algamitasaventura.es\/nuestro-complejo\/entorno\/\u00bb button_text=\u00bb+ INFO\u00bb button_alignment=\u00bbleft\u00bb _builder_version=\u00bb4.19.5&#8243; _module_preset=\u00bbdefault\u00bb custom_button=\u00bbon\u00bb button_text_size=\u00bb15px\u00bb button_text_color=\u00bb#000000&#8243; button_bg_color=\u00bb#f9b900&#8243; button_border_color=\u00bbRGBA(255,255,255,0)\u00bb button_border_radius=\u00bb50px\u00bb button_font=\u00bbM PLUS Rounded 1c|800|||||||\u00bb custom_margin=\u00bb25px||||false|false\u00bb locked=\u00bboff\u00bb global_colors_info=\u00bb{}\u00bb][\/et_pb_button][\/et_pb_column][\/et_pb_row][\/et_pb_section]<\/p>","protected":false},"excerpt":{"rendered":"<p>NUESTRO COMPLEJO Instalaciones Restaurante &nbsp; Tanto si te alojas en nuestro alojamiento rural como si s\u00f3lo quieres venir a pasar el d\u00eda, tienes a tu disposici\u00f3n nuestro Restaurante, con capacidad para 350 comensales. Est\u00e1 construido en piedra y madera y se integra completamente en el entorno natural que ocupa, en la ladera del Pe\u00f1\u00f3n de [&hellip;]<\/p>","protected":false},"author":1,"featured_media":0,"parent":0,"menu_order":0,"comment_status":"closed","ping_status":"closed","template":"","meta":{"_et_pb_use_builder":"on","_et_pb_old_content":"<!-- wp:divi\/placeholder \/-->","_et_gb_content_width":"","footnotes":""},"class_list":["post-37","page","type-page","status-publish","hentry"],"yoast_head":"<!-- This site is optimized with the Yoast SEO plugin v21.9.1 - https:\/\/yoast.com\/wordpress\/plugins\/seo\/ -->\n<title>NUESTRO COMPLEJO - Alg\u00e1mitas Aventura<\/title>\n<meta name=\"robots\" content=\"index, follow, max-snippet:-1, max-image-preview:large, max-video-preview:-1\" \/>\n<link rel=\"canonical\" href=\"https:\/\/algamitasaventura.es\/en\/nuestro-complejo\/\" \/>\n<meta property=\"og:locale\" content=\"en_US\" \/>\n<meta property=\"og:type\" content=\"article\" \/>\n<meta property=\"og:title\" content=\"NUESTRO COMPLEJO - Alg\u00e1mitas Aventura\" \/>\n<meta property=\"og:description\" content=\"NUESTRO COMPLEJO Instalaciones Restaurante &nbsp; Tanto si te alojas en nuestro alojamiento rural como si s\u00f3lo quieres venir a pasar el d\u00eda, tienes a tu disposici\u00f3n nuestro Restaurante, con capacidad para 350 comensales. Est\u00e1 construido en piedra y madera y se integra completamente en el entorno natural que ocupa, en la ladera del Pe\u00f1\u00f3n de [&hellip;]\" \/>\n<meta property=\"og:url\" content=\"https:\/\/algamitasaventura.es\/en\/nuestro-complejo\/\" \/>\n<meta property=\"og:site_name\" content=\"Alg\u00e1mitas Aventura\" \/>\n<meta property=\"article:modified_time\" content=\"2023-03-02T16:26:37+00:00\" \/>\n<meta name=\"twitter:card\" content=\"summary_large_image\" \/>\n<script type=\"application\/ld+json\" class=\"yoast-schema-graph\">{\"@context\":\"https:\/\/schema.org\",\"@graph\":[{\"@type\":\"WebPage\",\"@id\":\"https:\/\/algamitasaventura.es\/nuestro-complejo\/\",\"url\":\"https:\/\/algamitasaventura.es\/nuestro-complejo\/\",\"name\":\"NUESTRO COMPLEJO - Alg\u00e1mitas Aventura\",\"isPartOf\":{\"@id\":\"https:\/\/algamitasaventura.es\/#website\"},\"datePublished\":\"2022-11-14T08:06:32+00:00\",\"dateModified\":\"2023-03-02T16:26:37+00:00\",\"breadcrumb\":{\"@id\":\"https:\/\/algamitasaventura.es\/nuestro-complejo\/#breadcrumb\"},\"inLanguage\":\"en-US\",\"potentialAction\":[{\"@type\":\"ReadAction\",\"target\":[\"https:\/\/algamitasaventura.es\/nuestro-complejo\/\"]}]},{\"@type\":\"BreadcrumbList\",\"@id\":\"https:\/\/algamitasaventura.es\/nuestro-complejo\/#breadcrumb\",\"itemListElement\":[{\"@type\":\"ListItem\",\"position\":1,\"name\":\"Portada\",\"item\":\"https:\/\/algamitasaventura.es\/\"},{\"@type\":\"ListItem\",\"position\":2,\"name\":\"NUESTRO COMPLEJO\"}]},{\"@type\":\"WebSite\",\"@id\":\"https:\/\/algamitasaventura.es\/#website\",\"url\":\"https:\/\/algamitasaventura.es\/\",\"name\":\"Alg\u00e1mitas Aventura\",\"description\":\"Complejo Rural &quot;El Pe\u00f1\u00f3n&quot; de Alg\u00e1mitas\",\"potentialAction\":[{\"@type\":\"SearchAction\",\"target\":{\"@type\":\"EntryPoint\",\"urlTemplate\":\"https:\/\/algamitasaventura.es\/?s={search_term_string}\"},\"query-input\":\"required name=search_term_string\"}],\"inLanguage\":\"en-US\"}]}<\/script>\n<!-- \/ Yoast SEO plugin. -->","yoast_head_json":{"title":"NUESTRO COMPLEJO - Alg\u00e1mitas Aventura","robots":{"index":"index","follow":"follow","max-snippet":"max-snippet:-1","max-image-preview":"max-image-preview:large","max-video-preview":"max-video-preview:-1"},"canonical":"https:\/\/algamitasaventura.es\/en\/nuestro-complejo\/","og_locale":"en_US","og_type":"article","og_title":"NUESTRO COMPLEJO - Alg\u00e1mitas Aventura","og_description":"NUESTRO COMPLEJO Instalaciones Restaurante &nbsp; Tanto si te alojas en nuestro alojamiento rural como si s\u00f3lo quieres venir a pasar el d\u00eda, tienes a tu disposici\u00f3n nuestro Restaurante, con capacidad para 350 comensales. Est\u00e1 construido en piedra y madera y se integra completamente en el entorno natural que ocupa, en la ladera del Pe\u00f1\u00f3n de [&hellip;]","og_url":"https:\/\/algamitasaventura.es\/en\/nuestro-complejo\/","og_site_name":"Alg\u00e1mitas Aventura","article_modified_time":"2023-03-02T16:26:37+00:00","twitter_card":"summary_large_image","schema":{"@context":"https:\/\/schema.org","@graph":[{"@type":"WebPage","@id":"https:\/\/algamitasaventura.es\/nuestro-complejo\/","url":"https:\/\/algamitasaventura.es\/nuestro-complejo\/","name":"NUESTRO COMPLEJO - Alg\u00e1mitas Aventura","isPartOf":{"@id":"https:\/\/algamitasaventura.es\/#website"},"datePublished":"2022-11-14T08:06:32+00:00","dateModified":"2023-03-02T16:26:37+00:00","breadcrumb":{"@id":"https:\/\/algamitasaventura.es\/nuestro-complejo\/#breadcrumb"},"inLanguage":"en-US","potentialAction":[{"@type":"ReadAction","target":["https:\/\/algamitasaventura.es\/nuestro-complejo\/"]}]},{"@type":"BreadcrumbList","@id":"https:\/\/algamitasaventura.es\/nuestro-complejo\/#breadcrumb","itemListElement":[{"@type":"ListItem","position":1,"name":"Portada","item":"https:\/\/algamitasaventura.es\/"},{"@type":"ListItem","position":2,"name":"NUESTRO COMPLEJO"}]},{"@type":"WebSite","@id":"https:\/\/algamitasaventura.es\/#website","url":"https:\/\/algamitasaventura.es\/","name":"Alg\u00e1mitas Aventura","description":"Complejo Rural &quot;El Pe\u00f1\u00f3n&quot; de Alg\u00e1mitas","potentialAction":[{"@type":"SearchAction","target":{"@type":"EntryPoint","urlTemplate":"https:\/\/algamitasaventura.es\/?s={search_term_string}"},"query-input":"required name=search_term_string"}],"inLanguage":"en-US"}]}},"_links":{"self":[{"href":"https:\/\/algamitasaventura.es\/en\/wp-json\/wp\/v2\/pages\/37","targetHints":{"allow":["GET"]}}],"collection":[{"href":"https:\/\/algamitasaventura.es\/en\/wp-json\/wp\/v2\/pages"}],"about":[{"href":"https:\/\/algamitasaventura.es\/en\/wp-json\/wp\/v2\/types\/page"}],"author":[{"embeddable":true,"href":"https:\/\/algamitasaventura.es\/en\/wp-json\/wp\/v2\/users\/1"}],"replies":[{"embeddable":true,"href":"https:\/\/algamitasaventura.es\/en\/wp-json\/wp\/v2\/comments?post=37"}],"version-history":[{"count":5,"href":"https:\/\/algamitasaventura.es\/en\/wp-json\/wp\/v2\/pages\/37\/revisions"}],"predecessor-version":[{"id":604,"href":"https:\/\/algamitasaventura.es\/en\/wp-json\/wp\/v2\/pages\/37\/revisions\/604"}],"wp:attachment":[{"href":"https:\/\/algamitasaventura.es\/en\/wp-json\/wp\/v2\/media?parent=37"}],"curies":[{"name":"wp","href":"https:\/\/api.w.org\/{rel}","templated":true}]}}