{"id":39,"date":"2022-11-14T08:07:12","date_gmt":"2022-11-14T08:07:12","guid":{"rendered":"https:\/\/algamitasaventura.es\/?page_id=39"},"modified":"2023-04-13T12:38:29","modified_gmt":"2023-04-13T12:38:29","slug":"alojamientos","status":"publish","type":"page","link":"https:\/\/algamitasaventura.es\/en\/alojamientos\/","title":{"rendered":"ACCOMMODATIONS"},"content":{"rendered":"<p>[et_pb_section fb_built=\u00bb1&#8243; _builder_version=\u00bb4.20.0&#8243; _module_preset=\u00bbdefault\u00bb background_color=\u00bb#bcd8a0&#8243; background_image=\u00bbhttps:\/\/algamitasaventura.es\/wp-content\/uploads\/2023\/03\/DSC06688-scaled.jpg\u00bb da_disable_devices=\u00bboff|off|off\u00bb global_colors_info=\u00bb{}\u00bb da_is_popup=\u00bboff\u00bb da_exit_intent=\u00bboff\u00bb da_has_close=\u00bbon\u00bb da_alt_close=\u00bboff\u00bb da_dark_close=\u00bboff\u00bb da_not_modal=\u00bbon\u00bb da_is_singular=\u00bboff\u00bb da_with_loader=\u00bboff\u00bb da_has_shadow=\u00bbon\u00bb][et_pb_row _builder_version=\u00bb4.19.0&#8243; _module_preset=\u00bbdefault\u00bb global_colors_info=\u00bb{}\u00bb][et_pb_column type=\u00bb4_4&#8243; _builder_version=\u00bb4.19.0&#8243; _module_preset=\u00bbdefault\u00bb global_colors_info=\u00bb{}\u00bb][et_pb_button button_url=\u00bbhttps:\/\/thelisresa.webcamp.fr\/?camping=elpenon&#038;custom-c1=FABA00&#038;custom-c2=8FB02B&#038;PHPSESSID=le92ae8r1qqku3umbfp53vr85i\u00bb button_text=\u00bb\u00a1RESERVAR YA!\u00bb button_alignment=\u00bbcenter\u00bb _builder_version=\u00bb4.19.5&#8243; _module_preset=\u00bbdefault\u00bb custom_button=\u00bbon\u00bb button_text_size=\u00bb30px\u00bb button_text_color=\u00bb#000000&#8243; button_bg_color=\u00bb#f9b900&#8243; button_border_color=\u00bbRGBA(255,255,255,0)\u00bb button_border_radius=\u00bb50px\u00bb button_font=\u00bbM PLUS Rounded 1c|800|||||||\u00bb custom_margin=\u00bb150px||150px||false|false\u00bb locked=\u00bboff\u00bb global_colors_info=\u00bb{}\u00bb][\/et_pb_button][\/et_pb_column][\/et_pb_row][\/et_pb_section][et_pb_section fb_built=\u00bb1&#8243; admin_label=\u00bbsection\u00bb _builder_version=\u00bb4.16&#8243; da_disable_devices=\u00bboff|off|off\u00bb global_colors_info=\u00bb{}\u00bb da_is_popup=\u00bboff\u00bb da_exit_intent=\u00bboff\u00bb da_has_close=\u00bbon\u00bb da_alt_close=\u00bboff\u00bb da_dark_close=\u00bboff\u00bb da_not_modal=\u00bbon\u00bb da_is_singular=\u00bboff\u00bb da_with_loader=\u00bboff\u00bb da_has_shadow=\u00bbon\u00bb][et_pb_row make_equal=\u00bbon\u00bb _builder_version=\u00bb4.20.0&#8243; _module_preset=\u00bbdefault\u00bb custom_margin=\u00bb||0px||false|false\u00bb custom_padding=\u00bb||0px||false|false\u00bb global_colors_info=\u00bb{}\u00bb][et_pb_column type=\u00bb4_4&#8243; _builder_version=\u00bb4.19.0&#8243; _module_preset=\u00bbdefault\u00bb global_colors_info=\u00bb{}\u00bb][et_pb_text _builder_version=\u00bb4.19.0&#8243; _module_preset=\u00bbdefault\u00bb text_font=\u00bb|300|||on|||#E09900|solid\u00bb text_font_size=\u00bb15px\u00bb header_2_font=\u00bb|700|||on|||#f5b704|\u00bb header_2_text_align=\u00bbcenter\u00bb header_2_text_color=\u00bb#f5b704&#8243; header_2_font_size=\u00bb50px\u00bb custom_margin=\u00bb0px||0px||false|false\u00bb custom_padding=\u00bb||0px||false|false\u00bb header_2_font_size_tablet=\u00bb50px\u00bb header_2_font_size_phone=\u00bb36px\u00bb header_2_font_size_last_edited=\u00bbon|phone\u00bb locked=\u00bboff\u00bb global_colors_info=\u00bb{}\u00bb]<\/p>\n<h2>ACCOMMODATIONS<\/h2>\n<p>[\/et_pb_text][\/et_pb_column][\/et_pb_row][et_pb_row column_structure=\u00bb1_4,1_2,1_4&#8243; _builder_version=\u00bb4.20.0&#8243; _module_preset=\u00bbdefault\u00bb custom_margin=\u00bb0px||0px||false|false\u00bb custom_padding=\u00bb0px||||false|false\u00bb global_colors_info=\u00bb{}\u00bb][et_pb_column type=\u00bb1_4&#8243; _builder_version=\u00bb4.20.0&#8243; _module_preset=\u00bbdefault\u00bb global_colors_info=\u00bb{}\u00bb][\/et_pb_column][et_pb_column type=\u00bb1_2&#8243; _builder_version=\u00bb4.20.0&#8243; _module_preset=\u00bbdefault\u00bb global_colors_info=\u00bb{}\u00bb][et_pb_text _builder_version=\u00bb4.20.0&#8243; _module_preset=\u00bbdefault\u00bb text_text_color=\u00bb#FFFFFF\u00bb text_font_size=\u00bb20px\u00bb header_2_font=\u00bb|700|||||||\u00bb header_2_font_size=\u00bb23px\u00bb background_color=\u00bb#85a918&#8243; module_alignment=\u00bbcenter\u00bb custom_margin=\u00bb25px||0px||false|false\u00bb custom_padding=\u00bb5px||5px|5px|false|false\u00bb locked=\u00bboff\u00bb global_colors_info=\u00bb{}\u00bb]<\/p>\n<p style=\"text-align: center;\">What type of accomodation do you prefer?<\/p>\n<p>[\/et_pb_text][\/et_pb_column][et_pb_column type=\u00bb1_4&#8243; _builder_version=\u00bb4.20.0&#8243; _module_preset=\u00bbdefault\u00bb global_colors_info=\u00bb{}\u00bb][\/et_pb_column][\/et_pb_row][et_pb_row column_structure=\u00bb1_2,1_2&#8243; _builder_version=\u00bb4.19.3&#8243; _module_preset=\u00bbdefault\u00bb locked=\u00bboff\u00bb global_colors_info=\u00bb{}\u00bb][et_pb_column type=\u00bb1_2&#8243; _builder_version=\u00bb4.19.0&#8243; _module_preset=\u00bbdefault\u00bb global_colors_info=\u00bb{}\u00bb][et_pb_image src=\u00bbhttps:\/\/algamitasaventura.es\/wp-content\/uploads\/2022\/12\/CABANAS1.jpg\u00bb title_text=\u00bbCABANAS%911%93&#8243; align=\u00bbcenter\u00bb force_fullwidth=\u00bbon\u00bb _builder_version=\u00bb4.19.3&#8243; _module_preset=\u00bbdefault\u00bb border_radii=\u00bbon|50px|50px|50px|50px\u00bb global_colors_info=\u00bb{}\u00bb][\/et_pb_image][et_pb_text _builder_version=\u00bb4.19.0&#8243; _module_preset=\u00bbdefault\u00bb header_font=\u00bb|700|||||||\u00bb header_2_font=\u00bb|700|||||||\u00bb header_2_text_color=\u00bb#f9b800&#8243; header_2_font_size=\u00bb35px\u00bb global_colors_info=\u00bb{}\u00bb]<\/p>\n<h2>Cabins<\/h2>\n<div id=\"gtx-trans\" style=\"position: absolute; left: -197px; top: 51.9062px;\">\n<div class=\"gtx-trans-icon\"><\/div>\n<\/div>\n<p>[\/et_pb_text][et_pb_text _builder_version=\u00bb4.19.0&#8243; _module_preset=\u00bbdefault\u00bb global_colors_info=\u00bb{}\u00bb]<\/p>\n<p>Enjoy our cabins built entirely of wood and stone <\/p>\n<p>[\/et_pb_text][et_pb_button button_url=\u00bbhttps:\/\/algamitasaventura.es\/alojamientos\/cabanas\/\u00bb button_text=\u00bb+ INFO\u00bb button_alignment=\u00bbleft\u00bb _builder_version=\u00bb4.19.0&#8243; _module_preset=\u00bbdefault\u00bb custom_button=\u00bbon\u00bb button_text_size=\u00bb15px\u00bb button_text_color=\u00bb#000000&#8243; button_bg_color=\u00bb#f9b900&#8243; button_border_color=\u00bbRGBA(255,255,255,0)\u00bb button_border_radius=\u00bb50px\u00bb button_font=\u00bbM PLUS Rounded 1c|800|||||||\u00bb custom_margin=\u00bb||||false|false\u00bb locked=\u00bboff\u00bb global_colors_info=\u00bb{}\u00bb][\/et_pb_button][\/et_pb_column][et_pb_column type=\u00bb1_2&#8243; _builder_version=\u00bb4.19.0&#8243; _module_preset=\u00bbdefault\u00bb global_colors_info=\u00bb{}\u00bb][et_pb_image src=\u00bbhttps:\/\/algamitasaventura.es\/wp-content\/uploads\/2022\/12\/bwe.jpg\u00bb title_text=\u00bbbwe\u00bb align=\u00bbcenter\u00bb force_fullwidth=\u00bbon\u00bb _builder_version=\u00bb4.19.3&#8243; _module_preset=\u00bbdefault\u00bb border_radii=\u00bbon|50px|50px|50px|50px\u00bb global_colors_info=\u00bb{}\u00bb][\/et_pb_image][et_pb_text _builder_version=\u00bb4.20.4&#8243; _module_preset=\u00bbdefault\u00bb header_font=\u00bb|700|||||||\u00bb header_2_font=\u00bb|700|||||||\u00bb header_2_text_color=\u00bb#f9b800&#8243; header_2_font_size=\u00bb35px\u00bb global_colors_info=\u00bb{}\u00bb]<\/p>\n<h2>Wooden bungalows<\/h2>\n<p>[\/et_pb_text][et_pb_text _builder_version=\u00bb4.19.5&#8243; _module_preset=\u00bbdefault\u00bb custom_padding=\u00bb||||false|false\u00bb global_colors_info=\u00bb{}\u00bb]<\/p>\n<p>Wood is the protagonist of these spaces fused with nature<\/p>\n<p>[\/et_pb_text][et_pb_button button_url=\u00bbhttps:\/\/algamitasaventura.es\/alojamientos\/bungalows-i\/\u00bb button_text=\u00bb+ INFO\u00bb button_alignment=\u00bbleft\u00bb _builder_version=\u00bb4.19.0&#8243; _module_preset=\u00bbdefault\u00bb custom_button=\u00bbon\u00bb button_text_size=\u00bb15px\u00bb button_text_color=\u00bb#000000&#8243; button_bg_color=\u00bb#f9b900&#8243; button_border_color=\u00bbRGBA(255,255,255,0)\u00bb button_border_radius=\u00bb50px\u00bb button_font=\u00bbM PLUS Rounded 1c|800|||||||\u00bb custom_margin=\u00bb||||false|false\u00bb locked=\u00bboff\u00bb global_colors_info=\u00bb{}\u00bb][\/et_pb_button][\/et_pb_column][\/et_pb_row][et_pb_row column_structure=\u00bb1_2,1_2&#8243; _builder_version=\u00bb4.19.3&#8243; _module_preset=\u00bbdefault\u00bb locked=\u00bboff\u00bb global_colors_info=\u00bb{}\u00bb][et_pb_column type=\u00bb1_2&#8243; _builder_version=\u00bb4.19.0&#8243; _module_preset=\u00bbdefault\u00bb hover_enabled=\u00bb0&#8243; global_colors_info=\u00bb{}\u00bb sticky_enabled=\u00bb0&#8243;][et_pb_image src=\u00bbhttps:\/\/algamitasaventura.es\/wp-content\/uploads\/2022\/12\/cam.jpg\u00bb title_text=\u00bbcam\u00bb align=\u00bbcenter\u00bb force_fullwidth=\u00bbon\u00bb _builder_version=\u00bb4.19.5&#8243; _module_preset=\u00bbdefault\u00bb hover_enabled=\u00bb0&#8243; border_radii=\u00bbon|50px|50px|50px|50px\u00bb global_colors_info=\u00bb{}\u00bb sticky_enabled=\u00bb0&#8243;][\/et_pb_image][et_pb_text _builder_version=\u00bb4.19.0&#8243; _module_preset=\u00bbdefault\u00bb header_font=\u00bb|700|||||||\u00bb header_2_font=\u00bb|700|||||||\u00bb header_2_text_color=\u00bb#f9b800&#8243; header_2_font_size=\u00bb35px\u00bb global_colors_info=\u00bb{}\u00bb]<\/p>\n<h2>Caravans<\/h2>\n<p>[\/et_pb_text][et_pb_text _builder_version=\u00bb4.19.5&#8243; _module_preset=\u00bbdefault\u00bb custom_padding=\u00bb||0px||false|false\u00bb global_colors_info=\u00bb{}\u00bb]<\/p>\n<p>Go caravanning and get ready to enjoy direct contact with nature<\/p>\n<p>[\/et_pb_text][et_pb_button button_url=\u00bbhttps:\/\/algamitasaventura.es\/animacion-y-ocio\/campamentos\/\u00bb button_text=\u00bb+ INFO\u00bb button_alignment=\u00bbleft\u00bb _builder_version=\u00bb4.19.0&#8243; _module_preset=\u00bbdefault\u00bb custom_button=\u00bbon\u00bb button_text_size=\u00bb15px\u00bb button_text_color=\u00bb#000000&#8243; button_bg_color=\u00bb#f9b900&#8243; button_border_color=\u00bbRGBA(255,255,255,0)\u00bb button_border_radius=\u00bb50px\u00bb button_font=\u00bbM PLUS Rounded 1c|800|||||||\u00bb custom_margin=\u00bb||||false|false\u00bb locked=\u00bboff\u00bb global_colors_info=\u00bb{}\u00bb][\/et_pb_button][\/et_pb_column][et_pb_column type=\u00bb1_2&#8243; disabled_on=\u00bboff|off|off\u00bb _builder_version=\u00bb4.19.0&#8243; _module_preset=\u00bbdefault\u00bb global_colors_info=\u00bb{}\u00bb][et_pb_image src=\u00bbhttps:\/\/algamitasaventura.es\/wp-content\/uploads\/2023\/04\/bwe1.jpg\u00bb title_text=\u00bbbwe%911%93&#8243; align=\u00bbcenter\u00bb force_fullwidth=\u00bbon\u00bb _builder_version=\u00bb4.20.4&#8243; _module_preset=\u00bbdefault\u00bb border_radii=\u00bbon|50px|50px|50px|50px\u00bb global_colors_info=\u00bb{}\u00bb sticky_enabled=\u00bb0&#8243; hover_enabled=\u00bb0&#8243;][\/et_pb_image][et_pb_text _builder_version=\u00bb4.19.0&#8243; _module_preset=\u00bbdefault\u00bb header_font=\u00bb|700|||||||\u00bb header_2_font=\u00bb|700|||||||\u00bb header_2_text_color=\u00bb#f9b800&#8243; header_2_font_size=\u00bb35px\u00bb global_colors_info=\u00bb{}\u00bb]<\/p>\n<h2>Stone bungalows<\/h2>\n<div id=\"gtx-trans\" style=\"position: absolute; left: -197px; top: 51.9062px;\">\n<div class=\"gtx-trans-icon\"><\/div>\n<\/div>\n<p>[\/et_pb_text][et_pb_text _builder_version=\u00bb4.20.4&#8243; _module_preset=\u00bbdefault\u00bb global_colors_info=\u00bb{}\u00bb]<\/p>\n<p>Integrated into the forest, our stone bungalows are ideal to disconnect\u00a0and\u00a0enjoy<\/p>\n<p>[\/et_pb_text][et_pb_button button_url=\u00bbhttps:\/\/algamitasaventura.es\/alojamientos\/bungalows-ii\/\u00bb button_text=\u00bb+ INFO\u00bb button_alignment=\u00bbleft\u00bb _builder_version=\u00bb4.20.4&#8243; _module_preset=\u00bbdefault\u00bb custom_button=\u00bbon\u00bb button_text_size=\u00bb15px\u00bb button_text_color=\u00bb#000000&#8243; button_bg_color=\u00bb#f9b900&#8243; button_border_color=\u00bbRGBA(255,255,255,0)\u00bb button_border_radius=\u00bb50px\u00bb button_font=\u00bbM PLUS Rounded 1c|800|||||||\u00bb custom_margin=\u00bb||||false|false\u00bb locked=\u00bboff\u00bb global_colors_info=\u00bb{}\u00bb][\/et_pb_button][\/et_pb_column][\/et_pb_row][et_pb_row _builder_version=\u00bb4.20.4&#8243; _module_preset=\u00bbdefault\u00bb width=\u00bb40%\u00bb locked=\u00bboff\u00bb global_colors_info=\u00bb{}\u00bb][et_pb_column type=\u00bb4_4&#8243; disabled_on=\u00bboff|off|off\u00bb _builder_version=\u00bb4.19.0&#8243; _module_preset=\u00bbdefault\u00bb global_colors_info=\u00bb{}\u00bb][et_pb_image src=\u00bbhttps:\/\/algamitasaventura.es\/wp-content\/uploads\/2022\/12\/alber.jpg\u00bb title_text=\u00bbalber\u00bb align=\u00bbcenter\u00bb force_fullwidth=\u00bbon\u00bb _builder_version=\u00bb4.19.3&#8243; _module_preset=\u00bbdefault\u00bb border_radii=\u00bbon|50px|50px|50px|50px\u00bb global_colors_info=\u00bb{}\u00bb][\/et_pb_image][et_pb_text _builder_version=\u00bb4.19.0&#8243; _module_preset=\u00bbdefault\u00bb header_font=\u00bb|700|||||||\u00bb header_2_font=\u00bb|700|||||||\u00bb header_2_text_color=\u00bb#f9b800&#8243; header_2_font_size=\u00bb35px\u00bb global_colors_info=\u00bb{}\u00bb]<\/p>\n<h2>Albergue El Buitre<\/h2>\n<div id=\"gtx-trans\" style=\"position: absolute; left: -197px; top: 51.9062px;\">\n<div class=\"gtx-trans-icon\"><\/div>\n<\/div>\n<p>[\/et_pb_text][et_pb_text _builder_version=\u00bb4.20.4&#8243; _module_preset=\u00bbdefault\u00bb global_colors_info=\u00bb{}\u00bb]<\/p>\n<p>Planea con tu grupo de amistades las excursiones m\u00e1s divertidas y al\u00f3jate en nuestro albergue El Buitre<\/p>\n<p>[\/et_pb_text][et_pb_button button_url=\u00bbhttps:\/\/algamitasaventura.es\/alojamientos\/albergue\/\u00bb button_text=\u00bb+ INFO\u00bb button_alignment=\u00bbleft\u00bb _builder_version=\u00bb4.19.3&#8243; _module_preset=\u00bbdefault\u00bb custom_button=\u00bbon\u00bb button_text_size=\u00bb15px\u00bb button_text_color=\u00bb#000000&#8243; button_bg_color=\u00bb#f9b900&#8243; button_border_color=\u00bbRGBA(255,255,255,0)\u00bb button_border_radius=\u00bb50px\u00bb button_font=\u00bbM PLUS Rounded 1c|800|||||||\u00bb custom_margin=\u00bb||||false|false\u00bb locked=\u00bboff\u00bb global_colors_info=\u00bb{}\u00bb][\/et_pb_button][\/et_pb_column][\/et_pb_row][\/et_pb_section][et_pb_section fb_built=\u00bb1&#8243; _builder_version=\u00bb4.19.3&#8243; _module_preset=\u00bbdefault\u00bb background_color=\u00bbrgba(224,142,0,0.58)\u00bb background_image=\u00bbhttps:\/\/algamitasaventura.es\/wp-content\/uploads\/2022\/12\/Cabanas-grandes-sevill.jpg\u00bb background_blend=\u00bbsaturation\u00bb da_disable_devices=\u00bboff|off|off\u00bb locked=\u00bboff\u00bb global_colors_info=\u00bb{}\u00bb da_is_popup=\u00bboff\u00bb da_exit_intent=\u00bboff\u00bb da_has_close=\u00bbon\u00bb da_alt_close=\u00bboff\u00bb da_dark_close=\u00bboff\u00bb da_not_modal=\u00bbon\u00bb da_is_singular=\u00bboff\u00bb da_with_loader=\u00bboff\u00bb da_has_shadow=\u00bbon\u00bb][et_pb_row column_structure=\u00bb1_2,1_2&#8243; _builder_version=\u00bb4.19.0&#8243; _module_preset=\u00bbdefault\u00bb custom_margin=\u00bb50px||50px||false|false\u00bb global_colors_info=\u00bb{}\u00bb][et_pb_column type=\u00bb1_2&#8243; _builder_version=\u00bb4.19.0&#8243; _module_preset=\u00bbdefault\u00bb global_colors_info=\u00bb{}\u00bb][et_pb_button button_url=\u00bbhttps:\/\/algamitasaventura.es\/alojamientos\/tarifas\/\u00bb button_text=\u00bbTARIFAS\u00bb button_alignment=\u00bbcenter\u00bb _builder_version=\u00bb4.19.0&#8243; _module_preset=\u00bbdefault\u00bb custom_button=\u00bbon\u00bb button_text_size=\u00bb25px\u00bb button_text_color=\u00bb#000000&#8243; button_bg_color=\u00bb#FFFFFF\u00bb button_border_color=\u00bbRGBA(255,255,255,0)\u00bb button_border_radius=\u00bb50px\u00bb button_letter_spacing=\u00bb3px\u00bb button_font=\u00bbM PLUS Rounded 1c|800|||||||\u00bb custom_margin=\u00bb||||false|false\u00bb custom_padding=\u00bb|80px||80px|false|false\u00bb locked=\u00bboff\u00bb global_colors_info=\u00bb{}\u00bb][\/et_pb_button][\/et_pb_column][et_pb_column type=\u00bb1_2&#8243; _builder_version=\u00bb4.19.0&#8243; _module_preset=\u00bbdefault\u00bb global_colors_info=\u00bb{}\u00bb][et_pb_button button_url=\u00bbhttps:\/\/algamitasaventura.es\/ofertas\/\u00bb button_text=\u00bbOFERTAS\u00bb button_alignment=\u00bbcenter\u00bb _builder_version=\u00bb4.20.4&#8243; _module_preset=\u00bbdefault\u00bb custom_button=\u00bbon\u00bb button_text_size=\u00bb25px\u00bb button_text_color=\u00bb#000000&#8243; button_bg_color=\u00bb#FFFFFF\u00bb button_border_color=\u00bbRGBA(255,255,255,0)\u00bb button_border_radius=\u00bb50px\u00bb button_letter_spacing=\u00bb3px\u00bb button_font=\u00bbM PLUS Rounded 1c|800|||||||\u00bb custom_margin=\u00bb||||false|false\u00bb custom_padding=\u00bb|80px||80px|false|false\u00bb locked=\u00bboff\u00bb global_colors_info=\u00bb{}\u00bb][\/et_pb_button][\/et_pb_column][\/et_pb_row][\/et_pb_section]<\/p>","protected":false},"excerpt":{"rendered":"<p>ALOJAMIENTOS\u00bfQu\u00e9 tipo de estancia prefieres?Caba\u00f1as Disfruta de nuestras caba\u00f1as construidas \u00edntegramente en madera y piedra. Bungalows de maderaLa madera es protagonista de estos espacios fundidos en la naturaleza.CaravanasPractica el caravaning y prep\u00e1rate para disfrutar del contacto directo con la naturalezaBungalows de piedra Integrados en el bosque, nuestros bungalows de piedra son ideales para desconectar y [&hellip;]<\/p>","protected":false},"author":1,"featured_media":0,"parent":0,"menu_order":0,"comment_status":"closed","ping_status":"closed","template":"","meta":{"_et_pb_use_builder":"on","_et_pb_old_content":"<!-- wp:divi\/placeholder \/-->","_et_gb_content_width":"","footnotes":""},"class_list":["post-39","page","type-page","status-publish","hentry"],"yoast_head":"<!-- This site is optimized with the Yoast SEO plugin v21.9.1 - https:\/\/yoast.com\/wordpress\/plugins\/seo\/ -->\n<title>ALOJAMIENTOS - Alg\u00e1mitas Aventura<\/title>\n<meta name=\"robots\" content=\"index, follow, max-snippet:-1, max-image-preview:large, max-video-preview:-1\" \/>\n<link rel=\"canonical\" href=\"https:\/\/algamitasaventura.es\/en\/alojamientos\/\" \/>\n<meta property=\"og:locale\" content=\"en_US\" \/>\n<meta property=\"og:type\" content=\"article\" \/>\n<meta property=\"og:title\" content=\"ALOJAMIENTOS - Alg\u00e1mitas Aventura\" \/>\n<meta property=\"og:description\" content=\"ALOJAMIENTOS\u00bfQu\u00e9 tipo de estancia prefieres?Caba\u00f1as Disfruta de nuestras caba\u00f1as construidas \u00edntegramente en madera y piedra. Bungalows de maderaLa madera es protagonista de estos espacios fundidos en la naturaleza.CaravanasPractica el caravaning y prep\u00e1rate para disfrutar del contacto directo con la naturalezaBungalows de piedra Integrados en el bosque, nuestros bungalows de piedra son ideales para desconectar y [&hellip;]\" \/>\n<meta property=\"og:url\" content=\"https:\/\/algamitasaventura.es\/en\/alojamientos\/\" \/>\n<meta property=\"og:site_name\" content=\"Alg\u00e1mitas Aventura\" \/>\n<meta property=\"article:modified_time\" content=\"2023-04-13T12:38:29+00:00\" \/>\n<meta name=\"twitter:card\" content=\"summary_large_image\" \/>\n<script type=\"application\/ld+json\" class=\"yoast-schema-graph\">{\"@context\":\"https:\/\/schema.org\",\"@graph\":[{\"@type\":\"WebPage\",\"@id\":\"https:\/\/algamitasaventura.es\/alojamientos\/\",\"url\":\"https:\/\/algamitasaventura.es\/alojamientos\/\",\"name\":\"ALOJAMIENTOS - Alg\u00e1mitas Aventura\",\"isPartOf\":{\"@id\":\"https:\/\/algamitasaventura.es\/#website\"},\"datePublished\":\"2022-11-14T08:07:12+00:00\",\"dateModified\":\"2023-04-13T12:38:29+00:00\",\"breadcrumb\":{\"@id\":\"https:\/\/algamitasaventura.es\/alojamientos\/#breadcrumb\"},\"inLanguage\":\"en-US\",\"potentialAction\":[{\"@type\":\"ReadAction\",\"target\":[\"https:\/\/algamitasaventura.es\/alojamientos\/\"]}]},{\"@type\":\"BreadcrumbList\",\"@id\":\"https:\/\/algamitasaventura.es\/alojamientos\/#breadcrumb\",\"itemListElement\":[{\"@type\":\"ListItem\",\"position\":1,\"name\":\"Portada\",\"item\":\"https:\/\/algamitasaventura.es\/\"},{\"@type\":\"ListItem\",\"position\":2,\"name\":\"ALOJAMIENTOS\"}]},{\"@type\":\"WebSite\",\"@id\":\"https:\/\/algamitasaventura.es\/#website\",\"url\":\"https:\/\/algamitasaventura.es\/\",\"name\":\"Alg\u00e1mitas Aventura\",\"description\":\"Complejo Rural &quot;El Pe\u00f1\u00f3n&quot; de Alg\u00e1mitas\",\"potentialAction\":[{\"@type\":\"SearchAction\",\"target\":{\"@type\":\"EntryPoint\",\"urlTemplate\":\"https:\/\/algamitasaventura.es\/?s={search_term_string}\"},\"query-input\":\"required name=search_term_string\"}],\"inLanguage\":\"en-US\"}]}<\/script>\n<!-- \/ Yoast SEO plugin. -->","yoast_head_json":{"title":"ALOJAMIENTOS - Alg\u00e1mitas Aventura","robots":{"index":"index","follow":"follow","max-snippet":"max-snippet:-1","max-image-preview":"max-image-preview:large","max-video-preview":"max-video-preview:-1"},"canonical":"https:\/\/algamitasaventura.es\/en\/alojamientos\/","og_locale":"en_US","og_type":"article","og_title":"ALOJAMIENTOS - Alg\u00e1mitas Aventura","og_description":"ALOJAMIENTOS\u00bfQu\u00e9 tipo de estancia prefieres?Caba\u00f1as Disfruta de nuestras caba\u00f1as construidas \u00edntegramente en madera y piedra. Bungalows de maderaLa madera es protagonista de estos espacios fundidos en la naturaleza.CaravanasPractica el caravaning y prep\u00e1rate para disfrutar del contacto directo con la naturalezaBungalows de piedra Integrados en el bosque, nuestros bungalows de piedra son ideales para desconectar y [&hellip;]","og_url":"https:\/\/algamitasaventura.es\/en\/alojamientos\/","og_site_name":"Alg\u00e1mitas Aventura","article_modified_time":"2023-04-13T12:38:29+00:00","twitter_card":"summary_large_image","schema":{"@context":"https:\/\/schema.org","@graph":[{"@type":"WebPage","@id":"https:\/\/algamitasaventura.es\/alojamientos\/","url":"https:\/\/algamitasaventura.es\/alojamientos\/","name":"ALOJAMIENTOS - Alg\u00e1mitas Aventura","isPartOf":{"@id":"https:\/\/algamitasaventura.es\/#website"},"datePublished":"2022-11-14T08:07:12+00:00","dateModified":"2023-04-13T12:38:29+00:00","breadcrumb":{"@id":"https:\/\/algamitasaventura.es\/alojamientos\/#breadcrumb"},"inLanguage":"en-US","potentialAction":[{"@type":"ReadAction","target":["https:\/\/algamitasaventura.es\/alojamientos\/"]}]},{"@type":"BreadcrumbList","@id":"https:\/\/algamitasaventura.es\/alojamientos\/#breadcrumb","itemListElement":[{"@type":"ListItem","position":1,"name":"Portada","item":"https:\/\/algamitasaventura.es\/"},{"@type":"ListItem","position":2,"name":"ALOJAMIENTOS"}]},{"@type":"WebSite","@id":"https:\/\/algamitasaventura.es\/#website","url":"https:\/\/algamitasaventura.es\/","name":"Alg\u00e1mitas Aventura","description":"Complejo Rural &quot;El Pe\u00f1\u00f3n&quot; de Alg\u00e1mitas","potentialAction":[{"@type":"SearchAction","target":{"@type":"EntryPoint","urlTemplate":"https:\/\/algamitasaventura.es\/?s={search_term_string}"},"query-input":"required name=search_term_string"}],"inLanguage":"en-US"}]}},"_links":{"self":[{"href":"https:\/\/algamitasaventura.es\/en\/wp-json\/wp\/v2\/pages\/39","targetHints":{"allow":["GET"]}}],"collection":[{"href":"https:\/\/algamitasaventura.es\/en\/wp-json\/wp\/v2\/pages"}],"about":[{"href":"https:\/\/algamitasaventura.es\/en\/wp-json\/wp\/v2\/types\/page"}],"author":[{"embeddable":true,"href":"https:\/\/algamitasaventura.es\/en\/wp-json\/wp\/v2\/users\/1"}],"replies":[{"embeddable":true,"href":"https:\/\/algamitasaventura.es\/en\/wp-json\/wp\/v2\/comments?post=39"}],"version-history":[{"count":5,"href":"https:\/\/algamitasaventura.es\/en\/wp-json\/wp\/v2\/pages\/39\/revisions"}],"predecessor-version":[{"id":765,"href":"https:\/\/algamitasaventura.es\/en\/wp-json\/wp\/v2\/pages\/39\/revisions\/765"}],"wp:attachment":[{"href":"https:\/\/algamitasaventura.es\/en\/wp-json\/wp\/v2\/media?parent=39"}],"curies":[{"name":"wp","href":"https:\/\/api.w.org\/{rel}","templated":true}]}}